{"id":848,"date":"2022-04-15T11:28:33","date_gmt":"2022-04-15T09:28:33","guid":{"rendered":"https:\/\/ramitaly.it\/hr1601th\/"},"modified":"2025-09-12T18:00:32","modified_gmt":"2025-09-12T16:00:32","slug":"hr1601th","status":"publish","type":"page","link":"https:\/\/ramitaly.it\/fr\/hr1601th\/","title":{"rendered":"HR1601TH"},"content":{"rendered":"<p>[et_pb_section fb_built=\u00a0\u00bb1&Prime; _builder_version=\u00a0\u00bb4.17.0&Prime; _module_preset=\u00a0\u00bbdefault\u00a0\u00bb background_color=\u00a0\u00bbRGBA(255,255,255,0)\u00a0\u00bb use_background_color_gradient=\u00a0\u00bbon\u00a0\u00bb background_color_gradient_direction=\u00a0\u00bb95deg\u00a0\u00bb background_color_gradient_stops=\u00a0\u00bbrgba(54,97,150,0.93) 0%|rgba(54,97,150,0.59) 100%\u00a0\u00bb background_color_gradient_start=\u00a0\u00bbrgba(54,97,150,0.93)\u00a0\u00bb background_color_gradient_end=\u00a0\u00bbrgba(54,97,150,0.92)\u00a0\u00bb background_enable_image=\u00a0\u00bboff\u00a0\u00bb background_enable_pattern_style=\u00a0\u00bbon\u00a0\u00bb background_pattern_style=\u00a0\u00bbtufted\u00a0\u00bb background_pattern_color=\u00a0\u00bbrgba(0,0,0,0.35)\u00a0\u00bb background_pattern_horizontal_offset=\u00a0\u00bb0%\u00a0\u00bb custom_padding=\u00a0\u00bb45px||90px||false|false\u00a0\u00bb bottom_divider_style=\u00a0\u00bbasymmetric\u00a0\u00bb bottom_divider_color=\u00a0\u00bb#FFFFFF\u00a0\u00bb global_module=\u00a0\u00bb280&Prime; locked=\u00a0\u00bboff\u00a0\u00bb global_colors_info=\u00a0\u00bb{}\u00a0\u00bb][et_pb_row _builder_version=\u00a0\u00bb4.16&Prime; _module_preset=\u00a0\u00bbdefault\u00a0\u00bb global_colors_info=\u00a0\u00bb{}\u00a0\u00bb][et_pb_column type=\u00a0\u00bb4_4&Prime; _builder_version=\u00a0\u00bb4.16&Prime; _module_preset=\u00a0\u00bbdefault\u00a0\u00bb global_colors_info=\u00a0\u00bb{}\u00a0\u00bb][et_pb_text _builder_version=\u00a0\u00bb4.16&Prime; _dynamic_attributes=\u00a0\u00bbcontent\u00a0\u00bb text_font=\u00a0\u00bb|700||on|||||\u00a0\u00bb text_text_color=\u00a0\u00bb#FFFFFF\u00a0\u00bb text_font_size=\u00a0\u00bb42px\u00a0\u00bb header_font=\u00a0\u00bbPoppins|600||on|||||\u00a0\u00bb header_text_color=\u00a0\u00bb#FFFFFF\u00a0\u00bb header_font_size=\u00a0\u00bb56px\u00a0\u00bb header_line_height=\u00a0\u00bb1.4em\u00a0\u00bb header_3_font=\u00a0\u00bbPoppins|600||on|||||\u00a0\u00bb header_3_text_color=\u00a0\u00bb#0b7834&Prime; header_3_font_size=\u00a0\u00bb74px\u00a0\u00bb header_3_line_height=\u00a0\u00bb1.4em\u00a0\u00bb text_orientation=\u00a0\u00bbcenter\u00a0\u00bb custom_margin=\u00a0\u00bb||14px|||\u00a0\u00bb header_text_shadow_style=\u00a0\u00bbpreset4&Prime; header_text_shadow_vertical_length=\u00a0\u00bb0.05em\u00a0\u00bb header_text_shadow_color=\u00a0\u00bbrgba(0,0,0,0.89)\u00a0\u00bb header_3_text_shadow_style=\u00a0\u00bbpreset4&Prime; header_3_text_shadow_vertical_length=\u00a0\u00bb0.05em\u00a0\u00bb header_3_text_shadow_color=\u00a0\u00bbrgba(0,0,0,0.89)\u00a0\u00bb global_colors_info=\u00a0\u00bb{}\u00a0\u00bb]@ET-DC@eyJkeW5hbWljIjp0cnVlLCJjb250ZW50IjoicG9zdF90aXRsZSIsInNldHRpbmdzIjp7ImJlZm9yZSI6IiIsImFmdGVyIjoiIiwiZW5hYmxlX2h0bWwiOiJvZmYifX0=@[\/et_pb_text][\/et_pb_column][\/et_pb_row][\/et_pb_section][et_pb_section fb_built=\u00a0\u00bb1&Prime; _builder_version=\u00a0\u00bb4.17.0&Prime; _module_preset=\u00a0\u00bbdefault\u00a0\u00bb background_enable_color=\u00a0\u00bboff\u00a0\u00bb use_background_color_gradient=\u00a0\u00bbon\u00a0\u00bb background_color_gradient_stops=\u00a0\u00bbrgba(230,221,205,0.17) 0%|rgba(230,221,205,0) 100%\u00a0\u00bb background_color_gradient_overlays_image=\u00a0\u00bbon\u00a0\u00bb background_color_gradient_start=\u00a0\u00bbrgba(230,221,205,0.17)\u00a0\u00bb background_color_gradient_end=\u00a0\u00bbrgba(230,221,205,0)\u00a0\u00bb background_enable_image=\u00a0\u00bboff\u00a0\u00bb custom_margin=\u00a0\u00bb||||false|false\u00a0\u00bb custom_padding=\u00a0\u00bb101px||0px||false|false\u00a0\u00bb top_divider_style=\u00a0\u00bbasymmetric\u00a0\u00bb top_divider_color=\u00a0\u00bb#FFFFFF\u00a0\u00bb top_divider_height=\u00a0\u00bb157px\u00a0\u00bb border_color_top=\u00a0\u00bb#c6c6c6&Prime; border_style_top=\u00a0\u00bbdashed\u00a0\u00bb border_color_bottom=\u00a0\u00bb#c6c6c6&Prime; border_style_bottom=\u00a0\u00bbdashed\u00a0\u00bb global_colors_info=\u00a0\u00bb{}\u00a0\u00bb][et_pb_row _builder_version=\u00a0\u00bb4.17.1&Prime; _module_preset=\u00a0\u00bbdefault\u00a0\u00bb global_module=\u00a0\u00bb500&Prime; saved_tabs=\u00a0\u00bball\u00a0\u00bb global_colors_info=\u00a0\u00bb{}\u00a0\u00bb][et_pb_column type=\u00a0\u00bb4_4&Prime; _builder_version=\u00a0\u00bb4.17.1&Prime; _module_preset=\u00a0\u00bbdefault\u00a0\u00bb global_colors_info=\u00a0\u00bb{}\u00a0\u00bb][et_pb_menu menu_id=\u00a0\u00bb9&Prime; _builder_version=\u00a0\u00bb4.17.1&Prime; _module_preset=\u00a0\u00bbdefault\u00a0\u00bb menu_text_color=\u00a0\u00bb#000000&Prime; menu_font_size=\u00a0\u00bb16px\u00a0\u00bb background_color=\u00a0\u00bbrgba(54,97,150,0.24)\u00a0\u00bb text_orientation=\u00a0\u00bbcenter\u00a0\u00bb module_alignment=\u00a0\u00bbcenter\u00a0\u00bb custom_padding=\u00a0\u00bb10px|30px|10px|30px|false|false\u00a0\u00bb border_radii=\u00a0\u00bbon|50px|50px|50px|50px\u00a0\u00bb global_colors_info=\u00a0\u00bb{}\u00a0\u00bb][\/et_pb_menu][\/et_pb_column][\/et_pb_row][\/et_pb_section][et_pb_section fb_built=\u00a0\u00bb1&Prime; _builder_version=\u00a0\u00bb4.17.1&Prime; _module_preset=\u00a0\u00bbdefault\u00a0\u00bb custom_padding=\u00a0\u00bb0px||||false|false\u00a0\u00bb global_colors_info=\u00a0\u00bb{}\u00a0\u00bb][et_pb_row _builder_version=\u00a0\u00bb4.17.1&Prime; _module_preset=\u00a0\u00bbdefault\u00a0\u00bb global_colors_info=\u00a0\u00bb{}\u00a0\u00bb][et_pb_column type=\u00a0\u00bb4_4&Prime; _builder_version=\u00a0\u00bb4.17.1&Prime; _module_preset=\u00a0\u00bbdefault\u00a0\u00bb global_colors_info=\u00a0\u00bb{}\u00a0\u00bb][dsm_card title=\u00a0\u00bbHR1601TH\u00a0\u00bb layout=\u00a0\u00bbinline\u00a0\u00bb image=\u00a0\u00bbhttps:\/\/ramitaly.it\/wp-content\/uploads\/2022\/10\/HR1601TH-min.jpg\u00a0\u00bb image_as_background=\u00a0\u00bboff\u00a0\u00bb use_content_icon=\u00a0\u00bbon\u00a0\u00bb font_icon=\u00a0\u00bb&#x3f;||divi||400&Prime; use_icon_font_size=\u00a0\u00bbon\u00a0\u00bb icon_content_font_size=\u00a0\u00bb49px\u00a0\u00bb image_alignment=\u00a0\u00bbcenter\u00a0\u00bb content_padding=\u00a0\u00bb0px|0px|0px|0px|true|false\u00a0\u00bb button_text=\u00a0\u00bbNous contacter\u00a0\u00bb button_url=\u00a0\u00bb@ET-DC@eyJkeW5hbWljIjp0cnVlLCJjb250ZW50IjoicG9zdF9saW5rX3VybF9wYWdlIiwic2V0dGluZ3MiOnsicG9zdF9pZCI6IjQzMiIsImVuYWJsZV9odG1sIjoib2ZmIn19@\u00a0\u00bb button_url_new_window=\u00a0\u00bb1&Prime; layout_tablet=\u00a0\u00bbstacked\u00a0\u00bb layout_phone=\u00a0\u00bbstacked\u00a0\u00bb layout_last_edited=\u00a0\u00bbon|tablet\u00a0\u00bb _builder_version=\u00a0\u00bb4.27.4&Prime; _dynamic_attributes=\u00a0\u00bbbutton_url\u00a0\u00bb _module_preset=\u00a0\u00bbdefault\u00a0\u00bb header_level=\u00a0\u00bbh1&Prime; header_text_color=\u00a0\u00bb#366196&Prime; header_font_size=\u00a0\u00bb37px\u00a0\u00bb button_alignment=\u00a0\u00bbright\u00a0\u00bb custom_margin=\u00a0\u00bb||||false|false\u00a0\u00bb custom_padding=\u00a0\u00bb30px|30px|30px|30px|false|false\u00a0\u00bb hover_enabled=\u00a0\u00bb0&Prime; border_radii=\u00a0\u00bbon|50px|50px|50px|50px\u00a0\u00bb border_width_all=\u00a0\u00bb1px\u00a0\u00bb border_color_all=\u00a0\u00bb#0C71C3&Prime; border_radii_image=\u00a0\u00bbon|50px|50px|50px|50px\u00a0\u00bb global_colors_info=\u00a0\u00bb{}\u00a0\u00bb sticky_enabled=\u00a0\u00bb0&Prime;]<\/p>\n<p><strong>Caract\u00e9ristiques techniques:<\/strong><\/p>\n<p>&nbsp;<\/p>\n<ul>\n<li>La t\u00eate rotative \u00e0 360\u00b0 assure la perfection du point et une couture parfaite dans toutes les directions : gr\u00e2ce \u00e0 une rotation rapide du groupe de crochet et de la t\u00eate de couture, la direction optimale de la couture est atteinte \u00e0 tout moment, garantissant une qualit\u00e9 impeccable du point ;<\/li>\n<li>M\u00e9canismes des mouvements sup\u00e9rieurs et inf\u00e9rieurs de la machine s\u00e9par\u00e9s ;<\/li>\n<li>Champ de couture : 1000 x 600 mm;<\/li>\n<li>Vitesse maximale de couture : 2000-2500 p\/min;<\/li>\n<li>R\u00e9glage de la hauteur du pied g\u00e9r\u00e9 \u00e9lectroniquement et programm\u00e9 en fonction de l\u2019\u00e9paisseur du mat\u00e9riau \u00e0 coudre;<\/li>\n<li>Levage et abaissement automatique de la t\u00eate d\u2019agrafe sup\u00e9rieure pendant les d\u00e9placements \u00e0 vide avec possibilit\u00e9 de l\u2019exclure ou de l\u2019ins\u00e9rer dans le programme si n\u00e9cessaire;<\/li>\n<li>Crochet rotatif de grande capacit\u00e9 sur axe vertical ;<\/li>\n<li>Tension de fil programmable en option;<\/li>\n<li>Longueur du point : 1 -12 mm;<\/li>\n<li>Dimensions : (largeur, longueur., alt.) 243 x 190 x 200 cm<\/li>\n<li>Poids net : 800 kg<\/li>\n<li>Alimentation : 380 V+N<\/li>\n<li>Clutch : syst\u00e8me particulier d\u2019agrafage de fil qui assure les red\u00e9marrages propres apr\u00e8s chaque rasage de fil;<\/li>\n<li>Coupe-fil programmable : syst\u00e8me particulier permettant d\u2019exclure la coupe du fil de la bobine directement du programme pour assurer la perfection de la fermeture du premier point;<\/li>\n<li>Port USB pour le transfert de donn\u00e9es;<\/li>\n<li>Panneau de commande \u00e0 \u00e9cran tactile facile \u00e0 utiliser;<\/li>\n<li>La t\u00eate rotative \u00e0 360 \u00ba assure la perfection du point et une couture parfaite;<\/li>\n<li>Capteur de d\u00e9tection de rupture de fil;<\/li>\n<\/ul>\n<p>[\/dsm_card][\/et_pb_column][\/et_pb_row][et_pb_row _builder_version=\u00a0\u00bb4.27.4&Prime; _module_preset=\u00a0\u00bbdefault\u00a0\u00bb width=\u00a0\u00bb50%\u00a0\u00bb width_last_edited=\u00a0\u00bbon|phone\u00a0\u00bb hover_enabled=\u00a0\u00bb0&Prime; sticky_enabled=\u00a0\u00bb0&Prime; width_tablet=\u00a0\u00bb50%\u00a0\u00bb width_phone=\u00a0\u00bb50%\u00a0\u00bb][et_pb_column _builder_version=\u00a0\u00bb4.27.4&Prime; _module_preset=\u00a0\u00bbdefault\u00a0\u00bb type=\u00a0\u00bb4_4&Prime;][et_pb_video src=\u00a0\u00bbhttps:\/\/ramitaly.it\/wp-content\/uploads\/2025\/09\/2_1.mp4&Prime; _builder_version=\u00a0\u00bb4.27.4&Prime; _module_preset=\u00a0\u00bbdefault\u00a0\u00bb title_text=\u00a0\u00bb2_110&Prime; hover_enabled=\u00a0\u00bb0&Prime; sticky_enabled=\u00a0\u00bb0&Prime; image_src=\u00a0\u00bbhttps:\/\/ramitaly.it\/wp-content\/uploads\/2025\/09\/2_110.jpg\u00a0\u00bb][\/et_pb_video][\/et_pb_column][\/et_pb_row][\/et_pb_section]<\/p>\n","protected":false},"excerpt":{"rendered":"<p><div class=\"et_pb_with_border et_pb_module dsm_card dsm_card_0 et_pb_bg_layout_light  dsm_card_layout_inline dsm_card_tablet_layout_stacked\">\n\t\t\t\t\n\t\t\t\t\n\t\t\t\t\n\t\t\t\t\n\t\t\t\t\n\t\t\t\t\n\t\t\t\t<div class=\"et_pb_module_inner\">\n\t\t\t\t\t\n\t\t\t\n\t\t\t<figure class=\"dsm_card_image_wrapper dsm_card_badge_top_right\"><img decoding=\"async\" src=\"https:\/\/ramitaly.it\/wp-content\/uploads\/2022\/10\/HR1601TH-min.jpg\" alt=\"\" srcset=\"https:\/\/ramitaly.it\/wp-content\/uploads\/2022\/10\/HR1601TH-min.jpg 635w, https:\/\/ramitaly.it\/wp-content\/uploads\/2022\/10\/HR1601TH-min-480x302.jpg 480w\" sizes=\"(min-width: 0px) and (max-width: 480px) 480px, (min-width: 481px) 635px, 100vw\" class=\"dsm_card_img dsm_card_image_stretch\" \/><\/figure>\n\t\t\t<div class=\"et_pb_module dsm_card_wrapper et_pb_text_align_left\">\n\t\t\t\t\t<div class=\"dsm_card_icon\">\n\t\t\t\t\t\t<span class=\"dsm_card_icon_wrap\">\n\t\t\t\t\t\t\t<span class=\"et-pb-icon\">?<\/span>\n\t\t\t\t\t\t<\/span>\n\t\t\t\t\t<\/div>\n\t\t\t\t\t<h1 class=\"dsm_card_title et_pb_module_header\">HR1601TH<\/h1>\n\t\t\t\t\t\n\t\t\t\t\t\n\t\t\t\t\t<div class=\"et_pb_button_wrapper\"><a class=\"et_pb_button et_pb_more_button \" href=\"\">Nous contacter<\/a><\/div>\n\t\t\t\t<\/div>\n\t\t\t\n\t\t\t\t<\/div>\n\t\t\t<\/div>Caract\u00e9ristiques techniques: &nbsp; La t\u00eate rotative \u00e0 360\u00b0 assure la perfection du point et une couture parfaite dans toutes les directions : gr\u00e2ce \u00e0 une rotation rapide du groupe de crochet et de la t\u00eate de couture, la direction optimale de la couture est atteinte \u00e0 tout moment, garantissant une qualit\u00e9 impeccable du point ; M\u00e9canismes des mouvements sup\u00e9rieurs et inf\u00e9rieurs de la machine s\u00e9par\u00e9s ; Champ de couture : 1000 x 600 mm; Vitesse maximale de couture : 2000-2500 p\/min; R\u00e9glage de la hauteur du pied g\u00e9r\u00e9 \u00e9lectroniquement et programm\u00e9 en fonction de l\u2019\u00e9paisseur du mat\u00e9riau \u00e0 coudre; Levage et abaissement automatique de la t\u00eate d\u2019agrafe sup\u00e9rieure pendant les d\u00e9placements \u00e0 vide avec possibilit\u00e9 de l\u2019exclure ou de l\u2019ins\u00e9rer dans le programme si n\u00e9cessaire; Crochet rotatif de grande capacit\u00e9 sur axe vertical ; Tension de fil programmable en option; Longueur du point : 1 -12 mm; Dimensions : (largeur, longueur., alt.) 243 x 190 x 200 cm Poids net : 800 kg Alimentation : 380 V+N [&hellip;]<\/p>\n","protected":false},"author":1,"featured_media":0,"parent":0,"menu_order":0,"comment_status":"closed","ping_status":"closed","template":"","meta":{"_et_pb_use_builder":"on","_et_pb_old_content":"","_et_gb_content_width":"","footnotes":""},"class_list":["post-848","page","type-page","status-publish","hentry"],"_links":{"self":[{"href":"https:\/\/ramitaly.it\/fr\/wp-json\/wp\/v2\/pages\/848","targetHints":{"allow":["GET"]}}],"collection":[{"href":"https:\/\/ramitaly.it\/fr\/wp-json\/wp\/v2\/pages"}],"about":[{"href":"https:\/\/ramitaly.it\/fr\/wp-json\/wp\/v2\/types\/page"}],"author":[{"embeddable":true,"href":"https:\/\/ramitaly.it\/fr\/wp-json\/wp\/v2\/users\/1"}],"replies":[{"embeddable":true,"href":"https:\/\/ramitaly.it\/fr\/wp-json\/wp\/v2\/comments?post=848"}],"version-history":[{"count":8,"href":"https:\/\/ramitaly.it\/fr\/wp-json\/wp\/v2\/pages\/848\/revisions"}],"predecessor-version":[{"id":1287,"href":"https:\/\/ramitaly.it\/fr\/wp-json\/wp\/v2\/pages\/848\/revisions\/1287"}],"wp:attachment":[{"href":"https:\/\/ramitaly.it\/fr\/wp-json\/wp\/v2\/media?parent=848"}],"curies":[{"name":"wp","href":"https:\/\/api.w.org\/{rel}","templated":true}]}}