{"id":1304,"date":"2026-02-17T13:31:34","date_gmt":"2026-02-17T12:31:34","guid":{"rendered":"https:\/\/ramitaly.it\/servicos\/"},"modified":"2026-02-17T13:31:34","modified_gmt":"2026-02-17T12:31:34","slug":"servicos","status":"publish","type":"page","link":"https:\/\/ramitaly.it\/pt-br\/servicos\/","title":{"rendered":"SERVI\u00c7OS"},"content":{"rendered":"<p>[et_pb_section fb_built=&#8221;1&#8243; _builder_version=&#8221;4.17.0&#8243; _module_preset=&#8221;default&#8221; background_color=&#8221;RGBA(255,255,255,0)&#8221; use_background_color_gradient=&#8221;on&#8221; background_color_gradient_direction=&#8221;95deg&#8221; background_color_gradient_stops=&#8221;rgba(54,97,150,0.93) 0%|rgba(54,97,150,0.59) 100%&#8221; background_color_gradient_start=&#8221;rgba(54,97,150,0.93)&#8221; background_color_gradient_end=&#8221;rgba(54,97,150,0.92)&#8221; background_enable_image=&#8221;off&#8221; background_enable_pattern_style=&#8221;on&#8221; background_pattern_style=&#8221;tufted&#8221; background_pattern_color=&#8221;rgba(0,0,0,0.35)&#8221; background_pattern_horizontal_offset=&#8221;0%&#8221; custom_padding=&#8221;45px||90px||false|false&#8221; bottom_divider_style=&#8221;asymmetric&#8221; bottom_divider_color=&#8221;#FFFFFF&#8221; global_module=&#8221;280&#8243; locked=&#8221;off&#8221; global_colors_info=&#8221;{}&#8221;][et_pb_row _builder_version=&#8221;4.16&#8243; _module_preset=&#8221;default&#8221; global_colors_info=&#8221;{}&#8221;][et_pb_column type=&#8221;4_4&#8243; _builder_version=&#8221;4.16&#8243; _module_preset=&#8221;default&#8221; global_colors_info=&#8221;{}&#8221;][et_pb_text _builder_version=&#8221;4.16&#8243; _dynamic_attributes=&#8221;content&#8221; text_font=&#8221;|700||on|||||&#8221; text_text_color=&#8221;#FFFFFF&#8221; text_font_size=&#8221;42px&#8221; header_font=&#8221;Poppins|600||on|||||&#8221; header_text_color=&#8221;#FFFFFF&#8221; header_font_size=&#8221;56px&#8221; header_line_height=&#8221;1.4em&#8221; header_3_font=&#8221;Poppins|600||on|||||&#8221; header_3_text_color=&#8221;#0b7834&#8243; header_3_font_size=&#8221;74px&#8221; header_3_line_height=&#8221;1.4em&#8221; text_orientation=&#8221;center&#8221; custom_margin=&#8221;||14px|||&#8221; header_text_shadow_style=&#8221;preset4&#8243; header_text_shadow_vertical_length=&#8221;0.05em&#8221; header_text_shadow_color=&#8221;rgba(0,0,0,0.89)&#8221; header_3_text_shadow_style=&#8221;preset4&#8243; header_3_text_shadow_vertical_length=&#8221;0.05em&#8221; header_3_text_shadow_color=&#8221;rgba(0,0,0,0.89)&#8221; global_colors_info=&#8221;{}&#8221;]@ET-DC@eyJkeW5hbWljIjp0cnVlLCJjb250ZW50IjoicG9zdF90aXRsZSIsInNldHRpbmdzIjp7ImJlZm9yZSI6IiIsImFmdGVyIjoiIiwiZW5hYmxlX2h0bWwiOiJvZmYifX0=@[\/et_pb_text][\/et_pb_column][\/et_pb_row][\/et_pb_section][et_pb_section fb_built=&#8221;1&#8243; _builder_version=&#8221;4.17.0&#8243; _module_preset=&#8221;default&#8221; background_color=&#8221;#FFFFFF&#8221; background_enable_image=&#8221;off&#8221; custom_margin=&#8221;||||false|false&#8221; custom_padding=&#8221;||0px||false|false&#8221; top_divider_color=&#8221;#FFFFFF&#8221; top_divider_height=&#8221;157px&#8221; border_color_top=&#8221;#c6c6c6&#8243; border_style_top=&#8221;dashed&#8221; border_color_bottom=&#8221;#c6c6c6&#8243; border_style_bottom=&#8221;dashed&#8221; global_colors_info=&#8221;{}&#8221;][et_pb_row column_structure=&#8221;1_2,1_2&#8243; _builder_version=&#8221;4.17.0&#8243; _module_preset=&#8221;default&#8221; custom_margin=&#8221;||||false|false&#8221; custom_padding=&#8221;0px||||false|false&#8221; global_colors_info=&#8221;{}&#8221;][et_pb_column type=&#8221;1_2&#8243; _builder_version=&#8221;4.17.0&#8243; _module_preset=&#8221;default&#8221; global_colors_info=&#8221;{}&#8221;][et_pb_text _builder_version=&#8221;4.17.0&#8243; _module_preset=&#8221;default&#8221; header_text_color=&#8221;#727272&#8243; header_line_height=&#8221;1.4em&#8221; global_colors_info=&#8221;{}&#8221;]<\/p>\n<h1><strong>As m\u00e1quinas de costura Rodella Technologies<\/strong> garantem um n\u00edvel de qualidade e confiabilidade \u00fanico no mundo. Estamos em constante busca por solu\u00e7\u00f5es inovadoras em <strong>assist\u00eancia e manuten\u00e7\u00e3o<\/strong> para garantir ao cliente um<strong> servi\u00e7o p\u00f3s-venda<\/strong> r\u00e1pido e eficiente.<\/h1>\n<h1><\/h1>\n<p>[\/et_pb_text][\/et_pb_column][et_pb_column type=&#8221;1_2&#8243; _builder_version=&#8221;4.17.0&#8243; _module_preset=&#8221;default&#8221; global_colors_info=&#8221;{}&#8221;][et_pb_text _builder_version=&#8221;4.17.0&#8243; _module_preset=&#8221;default&#8221; header_text_color=&#8221;#727272&#8243; header_line_height=&#8221;1.4em&#8221; global_colors_info=&#8221;{}&#8221;]<\/p>\n<h1><\/h1>\n<h1>Tamb\u00e9m somos capazes de oferecer ao cliente a personaliza\u00e7\u00e3o do produto, desenvolvendo <strong>m\u00e1quinas de costura<\/strong> de execu\u00e7\u00e3o especial.<\/h1>\n<p>[\/et_pb_text][\/et_pb_column][\/et_pb_row][\/et_pb_section][et_pb_section fb_built=&#8221;1&#8243; _builder_version=&#8221;4.17.1&#8243; _module_preset=&#8221;default&#8221; background_enable_color=&#8221;off&#8221; use_background_color_gradient=&#8221;on&#8221; background_color_gradient_stops=&#8221;rgba(230,221,205,0.17) 0%|rgba(230,221,205,0) 100%&#8221; background_color_gradient_overlays_image=&#8221;on&#8221; background_color_gradient_start=&#8221;rgba(230,221,205,0.17)&#8221; background_color_gradient_end=&#8221;rgba(230,221,205,0)&#8221; background_enable_image=&#8221;off&#8221; custom_margin=&#8221;||||false|false&#8221; custom_padding=&#8221;100px||0px||false|false&#8221; top_divider_style=&#8221;asymmetric&#8221; top_divider_color=&#8221;#FFFFFF&#8221; top_divider_height=&#8221;157px&#8221; border_color_top=&#8221;#c6c6c6&#8243; border_style_top=&#8221;dashed&#8221; border_color_bottom=&#8221;#c6c6c6&#8243; border_style_bottom=&#8221;dashed&#8221; global_colors_info=&#8221;{}&#8221;][et_pb_row _builder_version=&#8221;4.17.0&#8243; _module_preset=&#8221;default&#8221; custom_padding=&#8221;0px||||false|false&#8221; global_colors_info=&#8221;{}&#8221;][et_pb_column type=&#8221;4_4&#8243; _builder_version=&#8221;4.17.0&#8243; _module_preset=&#8221;default&#8221; global_colors_info=&#8221;{}&#8221;][et_pb_text _builder_version=&#8221;4.17.0&#8243; _module_preset=&#8221;default&#8221; text_font=&#8221;Be Vietnam|600|||||||&#8221; text_text_color=&#8221;#0b2341&#8243; text_font_size=&#8221;35px&#8221; text_letter_spacing=&#8221;-1px&#8221; text_line_height=&#8221;1em&#8221; module_alignment=&#8221;center&#8221; custom_margin=&#8221;30px|||||&#8221; custom_margin_tablet=&#8221;0px||||false|false&#8221; custom_margin_phone=&#8221;0px||||false|false&#8221; custom_margin_last_edited=&#8221;on|tablet&#8221; text_line_height_tablet=&#8221;&#8221; text_line_height_phone=&#8221;1.3em&#8221; text_line_height_last_edited=&#8221;on|phone&#8221; global_colors_info=&#8221;{}&#8221;]<\/p>\n<p>Por que a R.A.M.:<\/p>\n<p>[\/et_pb_text][dsm_icon_list _builder_version=&#8221;4.17.0&#8243; _module_preset=&#8221;default&#8221; global_colors_info=&#8221;{}&#8221;][dsm_icon_list_child text=&#8221;Marcar nossos equipamentos como Made in Italy representa para n\u00f3s um orgulho e uma garantia de qualidade reconhecida mundialmente;&#8221; font_icon=&#8221;&#xe02d;||divi||400&#8243; icon_padding=&#8221;10px&#8221; icon_font_size=&#8221;55px&#8221; _builder_version=&#8221;4.17.0&#8243; _module_preset=&#8221;default&#8221; global_colors_info=&#8221;{}&#8221;][\/dsm_icon_list_child][dsm_icon_list_child text=&#8221;Nossa empresa \u00e9 capaz de oferecer respostas em prazos extremamente curtos quanto \u00e0 assist\u00eancia comercial e manuten\u00e7\u00e3o, com o apoio de nossos in\u00fameros revendedores oficiais no Brasil e no exterior;&#8221; font_icon=&#8221;&#xe02d;||divi||400&#8243; icon_padding=&#8221;10px&#8221; icon_font_size=&#8221;55px&#8221; _builder_version=&#8221;4.17.0&#8243; _module_preset=&#8221;default&#8221; global_colors_info=&#8221;{}&#8221;][\/dsm_icon_list_child][dsm_icon_list_child text=&#8221;Gra\u00e7as \u00e0 criteriosa escolha de nossos revendedores, garantimos ao cliente um servi\u00e7o sempre impec\u00e1vel, atendendo a qualquer solicita\u00e7\u00e3o ou problema, com o objetivo de melhorar a produtividade e a qualidade ao usu\u00e1rio;&#8221; font_icon=&#8221;&#xe02d;||divi||400&#8243; icon_padding=&#8221;10px&#8221; icon_font_size=&#8221;55px&#8221; _builder_version=&#8221;4.17.0&#8243; _module_preset=&#8221;default&#8221; global_colors_info=&#8221;{}&#8221;][\/dsm_icon_list_child][dsm_icon_list_child text=&#8221;Oferecemos diversos cursos dedicados aos clientes para o uso e a manuten\u00e7\u00e3o b\u00e1sica da m\u00e1quina;&#8221; font_icon=&#8221;&#xe02d;||divi||400&#8243; icon_padding=&#8221;10px&#8221; icon_font_size=&#8221;55px&#8221; _builder_version=&#8221;4.17.0&#8243; _module_preset=&#8221;default&#8221; global_colors_info=&#8221;{}&#8221;][\/dsm_icon_list_child][dsm_icon_list_child text=&#8221;Software de costura desenvolvido de acordo com nossas necessidades para potencializar o m\u00e1ximo das capacidades de nossas m\u00e1quinas de costura.&#8221; font_icon=&#8221;&#xe02d;||divi||400&#8243; icon_padding=&#8221;10px&#8221; icon_font_size=&#8221;55px&#8221; _builder_version=&#8221;4.17.0&#8243; _module_preset=&#8221;default&#8221; global_colors_info=&#8221;{}&#8221;][\/dsm_icon_list_child][\/dsm_icon_list][\/et_pb_column][\/et_pb_row][\/et_pb_section][et_pb_section fb_built=&#8221;1&#8243; specialty=&#8221;on&#8221; _builder_version=&#8221;4.17.1&#8243; _module_preset=&#8221;default&#8221; custom_margin=&#8221;||||false|false&#8221; custom_padding=&#8221;0px||||false|false&#8221; global_colors_info=&#8221;{}&#8221;][et_pb_column type=&#8221;1_2&#8243; _builder_version=&#8221;4.16&#8243; custom_padding=&#8221;|||&#8221; global_colors_info=&#8221;{}&#8221; custom_padding__hover=&#8221;|||&#8221;][et_pb_image src=&#8221;https:\/\/ramitaly.it\/wp-content\/uploads\/2022\/04\/rodella-technologies-macchine-da-cucire.jpg&#8221; title_text=&#8221;rodella-technologies-macchine-da-cucire&#8221; _builder_version=&#8221;4.17.0&#8243; _module_preset=&#8221;default&#8221; filter_hue_rotate=&#8221;186deg&#8221; border_radii=&#8221;on|30px|30px|30px|30px&#8221; box_shadow_style=&#8221;preset3&#8243; box_shadow_vertical=&#8221;37px&#8221; box_shadow_blur=&#8221;29px&#8221; box_shadow_spread=&#8221;-1px&#8221; global_colors_info=&#8221;{}&#8221;][\/et_pb_image][\/et_pb_column][et_pb_column type=&#8221;1_2&#8243; specialty_columns=&#8221;2&#8243; _builder_version=&#8221;4.16&#8243; custom_padding=&#8221;|||&#8221; global_colors_info=&#8221;{}&#8221; custom_padding__hover=&#8221;|||&#8221;][et_pb_row_inner column_structure=&#8221;1_3,1_3,1_3&#8243; use_custom_gutter=&#8221;on&#8221; make_equal=&#8221;on&#8221; module_id=&#8221;scopri&#8221; _builder_version=&#8221;4.16&#8243; _module_preset=&#8221;default&#8221; width=&#8221;90%&#8221; width_tablet=&#8221;90%&#8221; width_phone=&#8221;90%&#8221; width_last_edited=&#8221;on|tablet&#8221; max_width=&#8221;1120px&#8221; max_width_tablet=&#8221;90%&#8221; max_width_phone=&#8221;90%&#8221; max_width_last_edited=&#8221;on|desktop&#8221; custom_padding=&#8221;50px||50px||true|false&#8221; animation_style=&#8221;fold&#8221; global_module=&#8221;300&#8243; global_colors_info=&#8221;{}&#8221;][et_pb_column_inner type=&#8221;1_3&#8243; _builder_version=&#8221;4.16&#8243; _module_preset=&#8221;default&#8221; scroll_vertical_motion_enable=&#8221;on&#8221; scroll_vertical_motion=&#8221;0|50|50|100|0.5|0|0.5&#8243; scroll_vertical_motion_tablet=&#8221;0|50|50|100|0|0|0&#8243; scroll_vertical_motion_phone=&#8221;0|50|50|100|0|0|0&#8243; scroll_vertical_motion_last_edited=&#8221;on|phone&#8221; global_colors_info=&#8221;{}&#8221;][et_pb_text _builder_version=&#8221;4.17.4&#8243; _module_preset=&#8221;default&#8221; header_font=&#8221;|800|||||||&#8221; header_text_align=&#8221;center&#8221; header_2_font_size=&#8221;25px&#8221; header_3_font_size=&#8221;25px&#8221; header_4_font_size=&#8221;25px&#8221; header_5_font_size=&#8221;25px&#8221; header_6_font_size=&#8221;25px&#8221; height=&#8221;80px&#8221; hover_enabled=&#8221;0&#8243; global_colors_info=&#8221;{}&#8221; header_font_size=&#8221;21px&#8221; sticky_enabled=&#8221;0&#8243;]<\/p>\n<h1>Ind\u00fastria Cal\u00e7adista<\/h1>\n<p>[\/et_pb_text][dsm_icon_divider use_icon=&#8221;on&#8221; font_icon=&#8221;&#x4e;||divi||400&#8243; divider_style=&#8221;dashed&#8221; divider_weight=&#8221;3px&#8221; icon_gap=&#8221;3px&#8221; _builder_version=&#8221;4.16&#8243; _module_preset=&#8221;default&#8221; module_alignment=&#8221;center&#8221; global_colors_info=&#8221;{}&#8221;][\/dsm_icon_divider][et_pb_image src=&#8221;https:\/\/ramitaly.it\/wp-content\/uploads\/2022\/05\/rodella-technologies-calzaturificio-min-min.jpg&#8221; title_text=&#8221;rodella-technologies-calzaturificio-min-min&#8221; _builder_version=&#8221;4.17.4&#8243; _module_preset=&#8221;default&#8221; filter_opacity=&#8221;85%&#8221; animation_style=&#8221;flip&#8221; border_radii=&#8221;on|500px|500px|500px|500px&#8221; box_shadow_style=&#8221;preset5&#8243; box_shadow_vertical=&#8221;10px&#8221; box_shadow_color=&#8221;#e2d7c4&#8243; global_colors_info=&#8221;{}&#8221;][\/et_pb_image][\/et_pb_column_inner][et_pb_column_inner type=&#8221;1_3&#8243; _builder_version=&#8221;4.16&#8243; _module_preset=&#8221;default&#8221; scroll_vertical_motion_enable=&#8221;on&#8221; scroll_vertical_motion=&#8221;0|50|50|100|0.5|0|0.5&#8243; scroll_vertical_motion_tablet=&#8221;0|50|50|100|0|0|0&#8243; scroll_vertical_motion_phone=&#8221;0|50|50|100|0|0|0&#8243; scroll_vertical_motion_last_edited=&#8221;on|phone&#8221; global_colors_info=&#8221;{}&#8221;][et_pb_text _builder_version=&#8221;4.17.0&#8243; _module_preset=&#8221;default&#8221; header_font=&#8221;|800|||||||&#8221; header_text_align=&#8221;center&#8221; header_2_font_size=&#8221;25px&#8221; header_3_font_size=&#8221;25px&#8221; header_4_font_size=&#8221;25px&#8221; header_5_font_size=&#8221;25px&#8221; header_6_font_size=&#8221;25px&#8221; height=&#8221;80px&#8221; global_colors_info=&#8221;{}&#8221; header_font_size=&#8221;21px&#8221;]<\/p>\n<h1>Ind\u00fastria de Artigos em Couro<\/h1>\n<p>[\/et_pb_text][dsm_icon_divider use_icon=&#8221;on&#8221; font_icon=&#8221;&#x4e;||divi||400&#8243; divider_style=&#8221;dashed&#8221; divider_weight=&#8221;3px&#8221; icon_gap=&#8221;3px&#8221; _builder_version=&#8221;4.16&#8243; _module_preset=&#8221;default&#8221; module_alignment=&#8221;center&#8221; global_colors_info=&#8221;{}&#8221;][\/dsm_icon_divider][et_pb_image src=&#8221;https:\/\/ramitaly.it\/wp-content\/uploads\/2022\/05\/rodella-technologies-pelletteria-min-min.jpg&#8221; title_text=&#8221;rodella-technologies-pelletteria-min-min&#8221; _builder_version=&#8221;4.17.4&#8243; _module_preset=&#8221;default&#8221; filter_opacity=&#8221;85%&#8221; animation_style=&#8221;flip&#8221; border_radii=&#8221;on|500px|500px|500px|500px&#8221; box_shadow_style=&#8221;preset5&#8243; box_shadow_vertical=&#8221;10px&#8221; box_shadow_color=&#8221;#e2d7c4&#8243; global_colors_info=&#8221;{}&#8221;][\/et_pb_image][\/et_pb_column_inner][et_pb_column_inner type=&#8221;1_3&#8243; _builder_version=&#8221;4.16&#8243; _module_preset=&#8221;default&#8221; scroll_vertical_motion_enable=&#8221;on&#8221; scroll_vertical_motion=&#8221;0|50|50|100|0.5|0|0.5&#8243; scroll_vertical_motion_tablet=&#8221;0|50|50|100|0|0|0&#8243; scroll_vertical_motion_phone=&#8221;0|50|50|100|0|0|0&#8243; scroll_vertical_motion_last_edited=&#8221;on|phone&#8221; global_colors_info=&#8221;{}&#8221;][et_pb_text _builder_version=&#8221;4.17.0&#8243; _module_preset=&#8221;default&#8221; header_font=&#8221;|800|||||||&#8221; header_text_align=&#8221;center&#8221; header_2_font_size=&#8221;25px&#8221; header_3_font_size=&#8221;25px&#8221; header_4_font_size=&#8221;25px&#8221; header_5_font_size=&#8221;25px&#8221; header_6_font_size=&#8221;25px&#8221; height=&#8221;80px&#8221; global_colors_info=&#8221;{}&#8221; header_font_size=&#8221;21px&#8221;]<\/p>\n<h1>Aplica\u00e7\u00f5es Especiais<\/h1>\n<p>[\/et_pb_text][dsm_icon_divider use_icon=&#8221;on&#8221; font_icon=&#8221;&#x4e;||divi||400&#8243; divider_style=&#8221;dashed&#8221; divider_weight=&#8221;3px&#8221; icon_gap=&#8221;3px&#8221; _builder_version=&#8221;4.16&#8243; _module_preset=&#8221;default&#8221; module_alignment=&#8221;center&#8221; global_colors_info=&#8221;{}&#8221;][\/dsm_icon_divider][et_pb_image src=&#8221;https:\/\/ramitaly.it\/wp-content\/uploads\/2022\/05\/rodella-technologies-altreApplicazioni-min-2-min.jpg&#8221; title_text=&#8221;rodella-technologies-altreApplicazioni-min &#8211; 2-min&#8221; _builder_version=&#8221;4.17.4&#8243; _module_preset=&#8221;default&#8221; filter_opacity=&#8221;85%&#8221; animation_style=&#8221;flip&#8221; border_radii=&#8221;on|500px|500px|500px|500px&#8221; box_shadow_style=&#8221;preset5&#8243; box_shadow_vertical=&#8221;10px&#8221; box_shadow_color=&#8221;#e2d7c4&#8243; global_colors_info=&#8221;{}&#8221;][\/et_pb_image][\/et_pb_column_inner][\/et_pb_row_inner][\/et_pb_column][\/et_pb_section]<\/p>\n","protected":false},"excerpt":{"rendered":"<p>As m\u00e1quinas de costura Rodella Technologies garantem um n\u00edvel de qualidade e confiabilidade \u00fanico no mundo. Estamos em constante busca por solu\u00e7\u00f5es inovadoras em assist\u00eancia e manuten\u00e7\u00e3o para garantir ao cliente um servi\u00e7o p\u00f3s-venda r\u00e1pido e eficiente. Tamb\u00e9m somos capazes de oferecer ao cliente a personaliza\u00e7\u00e3o do produto, desenvolvendo m\u00e1quinas de costura de execu\u00e7\u00e3o especial.Por que a R.A.M.:<div class=\"et_pb_module dsm_icon_list dsm_icon_list_0\">\n\t\t\t\t\n\t\t\t\t\n\t\t\t\t\n\t\t\t\t\n\t\t\t\t\n\t\t\t\t\n\t\t\t\t<div class=\"et_pb_module_inner\">\n\t\t\t\t\t<ul class=\"dsm_icon_list_items dsm_icon_list_ltr_direction dsm_icon_list_layout_vertical\"><\/ul>\n\t\t\t\t<\/div>\n\t\t\t<\/div><li class=\"dsm_icon_list_child dsm_icon_list_child_0\">\n\t\t\t\t\n\t\t\t\t\n\t\t\t\t\n\t\t\t\t\n\t\t\t\t<span class=\"dsm_icon_list_wrapper\"><span class=\"dsm_icon_list_icon\">\ue02d<\/span><\/span><span class=\"dsm_icon_list_text\">Marcar nossos equipamentos como Made in Italy representa para n\u00f3s um orgulho e uma garantia de qualidade reconhecida mundialmente;<\/span>\n\t\t\t<\/li><li class=\"dsm_icon_list_child dsm_icon_list_child_1\">\n\t\t\t\t\n\t\t\t\t\n\t\t\t\t\n\t\t\t\t\n\t\t\t\t<span class=\"dsm_icon_list_wrapper\"><span class=\"dsm_icon_list_icon\">\ue02d<\/span><\/span><span class=\"dsm_icon_list_text\">Nossa empresa \u00e9 capaz de oferecer respostas em prazos extremamente curtos quanto \u00e0 assist\u00eancia comercial e manuten\u00e7\u00e3o, com o apoio de nossos in\u00fameros revendedores oficiais no Brasil e no exterior;<\/span>\n\t\t\t<\/li><li class=\"dsm_icon_list_child dsm_icon_list_child_2\">\n\t\t\t\t\n\t\t\t\t\n\t\t\t\t\n\t\t\t\t\n\t\t\t\t<span class=\"dsm_icon_list_wrapper\"><span class=\"dsm_icon_list_icon\">\ue02d<\/span><\/span><span class=\"dsm_icon_list_text\">Gra\u00e7as \u00e0 criteriosa escolha de nossos revendedores, garantimos ao cliente um servi\u00e7o sempre impec\u00e1vel, atendendo a qualquer solicita\u00e7\u00e3o ou problema, com o objetivo de melhorar a produtividade e a qualidade ao usu\u00e1rio;<\/span>\n\t\t\t<\/li><li class=\"dsm_icon_list_child dsm_icon_list_child_3\">\n\t\t\t\t\n\t\t\t\t\n\t\t\t\t\n\t\t\t\t\n\t\t\t\t<span class=\"dsm_icon_list_wrapper\"><span class=\"dsm_icon_list_icon\">\ue02d<\/span><\/span><span class=\"dsm_icon_list_text\">Oferecemos diversos cursos dedicados aos clientes para o uso e a manuten\u00e7\u00e3o b\u00e1sica da m\u00e1quina;<\/span>\n\t\t\t<\/li><li class=\"dsm_icon_list_child dsm_icon_list_child_4\">\n\t\t\t\t\n\t\t\t\t\n\t\t\t\t\n\t\t\t\t\n\t\t\t\t<span class=\"dsm_icon_list_wrapper\"><span class=\"dsm_icon_list_icon\">P<\/span><\/span><span class=\"dsm_icon_list_text\">&#8221;Software<\/span>\n\t\t\t<\/li><\/p>\n","protected":false},"author":1,"featured_media":0,"parent":0,"menu_order":0,"comment_status":"closed","ping_status":"closed","template":"","meta":{"_et_pb_use_builder":"on","_et_pb_old_content":"","_et_gb_content_width":"","footnotes":""},"class_list":["post-1304","page","type-page","status-publish","hentry"],"_links":{"self":[{"href":"https:\/\/ramitaly.it\/pt-br\/wp-json\/wp\/v2\/pages\/1304","targetHints":{"allow":["GET"]}}],"collection":[{"href":"https:\/\/ramitaly.it\/pt-br\/wp-json\/wp\/v2\/pages"}],"about":[{"href":"https:\/\/ramitaly.it\/pt-br\/wp-json\/wp\/v2\/types\/page"}],"author":[{"embeddable":true,"href":"https:\/\/ramitaly.it\/pt-br\/wp-json\/wp\/v2\/users\/1"}],"replies":[{"embeddable":true,"href":"https:\/\/ramitaly.it\/pt-br\/wp-json\/wp\/v2\/comments?post=1304"}],"version-history":[{"count":2,"href":"https:\/\/ramitaly.it\/pt-br\/wp-json\/wp\/v2\/pages\/1304\/revisions"}],"predecessor-version":[{"id":1307,"href":"https:\/\/ramitaly.it\/pt-br\/wp-json\/wp\/v2\/pages\/1304\/revisions\/1307"}],"wp:attachment":[{"href":"https:\/\/ramitaly.it\/pt-br\/wp-json\/wp\/v2\/media?parent=1304"}],"curies":[{"name":"wp","href":"https:\/\/api.w.org\/{rel}","templated":true}]}}