{"id":1312,"date":"2026-02-17T13:54:00","date_gmt":"2026-02-17T12:54:00","guid":{"rendered":"https:\/\/ramitaly.it\/roddik\/"},"modified":"2026-02-18T12:00:03","modified_gmt":"2026-02-18T11:00:03","slug":"roddik","status":"publish","type":"page","link":"https:\/\/ramitaly.it\/pt-br\/roddik\/","title":{"rendered":"Roddik"},"content":{"rendered":"<p>[et_pb_section fb_built=&#8221;1&#8243; _builder_version=&#8221;4.17.0&#8243; _module_preset=&#8221;default&#8221; background_color=&#8221;RGBA(255,255,255,0)&#8221; use_background_color_gradient=&#8221;on&#8221; background_color_gradient_direction=&#8221;95deg&#8221; background_color_gradient_stops=&#8221;rgba(54,97,150,0.93) 0%|rgba(54,97,150,0.59) 100%&#8221; background_color_gradient_start=&#8221;rgba(54,97,150,0.93)&#8221; background_color_gradient_end=&#8221;rgba(54,97,150,0.92)&#8221; background_enable_image=&#8221;off&#8221; background_enable_pattern_style=&#8221;on&#8221; background_pattern_style=&#8221;tufted&#8221; background_pattern_color=&#8221;rgba(0,0,0,0.35)&#8221; background_pattern_horizontal_offset=&#8221;0%&#8221; custom_padding=&#8221;45px||90px||false|false&#8221; bottom_divider_style=&#8221;asymmetric&#8221; bottom_divider_color=&#8221;#FFFFFF&#8221; global_module=&#8221;280&#8243; locked=&#8221;off&#8221; global_colors_info=&#8221;{}&#8221;][et_pb_row _builder_version=&#8221;4.16&#8243; _module_preset=&#8221;default&#8221; global_colors_info=&#8221;{}&#8221;][et_pb_column type=&#8221;4_4&#8243; _builder_version=&#8221;4.16&#8243; _module_preset=&#8221;default&#8221; global_colors_info=&#8221;{}&#8221;][et_pb_text _builder_version=&#8221;4.16&#8243; _dynamic_attributes=&#8221;content&#8221; text_font=&#8221;|700||on|||||&#8221; text_text_color=&#8221;#FFFFFF&#8221; text_font_size=&#8221;42px&#8221; header_font=&#8221;Poppins|600||on|||||&#8221; header_text_color=&#8221;#FFFFFF&#8221; header_font_size=&#8221;56px&#8221; header_line_height=&#8221;1.4em&#8221; header_3_font=&#8221;Poppins|600||on|||||&#8221; header_3_text_color=&#8221;#0b7834&#8243; header_3_font_size=&#8221;74px&#8221; header_3_line_height=&#8221;1.4em&#8221; text_orientation=&#8221;center&#8221; custom_margin=&#8221;||14px|||&#8221; header_text_shadow_style=&#8221;preset4&#8243; header_text_shadow_vertical_length=&#8221;0.05em&#8221; header_text_shadow_color=&#8221;rgba(0,0,0,0.89)&#8221; header_3_text_shadow_style=&#8221;preset4&#8243; header_3_text_shadow_vertical_length=&#8221;0.05em&#8221; header_3_text_shadow_color=&#8221;rgba(0,0,0,0.89)&#8221; global_colors_info=&#8221;{}&#8221;]@ET-DC@eyJkeW5hbWljIjp0cnVlLCJjb250ZW50IjoicG9zdF90aXRsZSIsInNldHRpbmdzIjp7ImJlZm9yZSI6IiIsImFmdGVyIjoiIiwiZW5hYmxlX2h0bWwiOiJvZmYifX0=@[\/et_pb_text][\/et_pb_column][\/et_pb_row][\/et_pb_section][et_pb_section fb_built=&#8221;1&#8243; _builder_version=&#8221;4.17.0&#8243; _module_preset=&#8221;default&#8221; background_color=&#8221;#FFFFFF&#8221; background_enable_image=&#8221;off&#8221; custom_margin=&#8221;||||false|false&#8221; custom_padding=&#8221;||0px||false|false&#8221; top_divider_color=&#8221;#FFFFFF&#8221; top_divider_height=&#8221;157px&#8221; border_color_top=&#8221;#c6c6c6&#8243; border_style_top=&#8221;dashed&#8221; border_color_bottom=&#8221;#c6c6c6&#8243; border_style_bottom=&#8221;dashed&#8221; global_colors_info=&#8221;{}&#8221;][et_pb_row column_structure=&#8221;1_3,2_3&#8243; _builder_version=&#8221;4.17.0&#8243; _module_preset=&#8221;default&#8221; custom_margin=&#8221;||||false|false&#8221; custom_padding=&#8221;0px||||false|false&#8221; global_colors_info=&#8221;{}&#8221;][et_pb_column type=&#8221;1_3&#8243; _builder_version=&#8221;4.17.0&#8243; _module_preset=&#8221;default&#8221; global_colors_info=&#8221;{}&#8221;][et_pb_image src=&#8221;https:\/\/ramitaly.it\/wp-content\/uploads\/2022\/04\/Roddik-logo.jpg&#8221; title_text=&#8221;Roddik-logo&#8221; align=&#8221;center&#8221; _builder_version=&#8221;4.17.0&#8243; _module_preset=&#8221;default&#8221; global_colors_info=&#8221;{}&#8221;][\/et_pb_image][\/et_pb_column][et_pb_column type=&#8221;2_3&#8243; _builder_version=&#8221;4.17.0&#8243; _module_preset=&#8221;default&#8221; global_colors_info=&#8221;{}&#8221;][et_pb_text _builder_version=&#8221;4.17.0&#8243; _module_preset=&#8221;default&#8221; header_text_color=&#8221;#727272&#8243; header_line_height=&#8221;1.4em&#8221; global_colors_info=&#8221;{}&#8221;]<\/p>\n<h1>A R.A.M. \u00e9 revendedora de m\u00e1quinas autom\u00e1ticas de costura program\u00e1veis, de ponto travado, de importa\u00e7\u00e3o, com excelente custo-benef\u00edcio.<\/h1>\n<p>[\/et_pb_text][\/et_pb_column][\/et_pb_row][\/et_pb_section][et_pb_section fb_built=&#8221;1&#8243; _builder_version=&#8221;4.16&#8243; _module_preset=&#8221;default&#8221; background_enable_color=&#8221;off&#8221; use_background_color_gradient=&#8221;on&#8221; background_color_gradient_stops=&#8221;rgba(230,221,205,0.17) 0%|rgba(230,221,205,0) 100%&#8221; background_color_gradient_overlays_image=&#8221;on&#8221; background_color_gradient_start=&#8221;rgba(230,221,205,0.17)&#8221; background_color_gradient_end=&#8221;rgba(230,221,205,0)&#8221; background_enable_image=&#8221;off&#8221; custom_margin=&#8221;||||false|false&#8221; custom_padding=&#8221;100px||100px||true|false&#8221; top_divider_style=&#8221;asymmetric&#8221; top_divider_color=&#8221;#FFFFFF&#8221; top_divider_height=&#8221;157px&#8221; border_color_top=&#8221;#c6c6c6&#8243; border_style_top=&#8221;dashed&#8221; border_color_bottom=&#8221;#c6c6c6&#8243; border_style_bottom=&#8221;dashed&#8221; global_colors_info=&#8221;{}&#8221;][et_pb_row column_structure=&#8221;1_2,1_2&#8243; _builder_version=&#8221;4.17.0&#8243; _module_preset=&#8221;default&#8221; global_colors_info=&#8221;{}&#8221;][et_pb_column type=&#8221;1_2&#8243; _builder_version=&#8221;4.17.0&#8243; _module_preset=&#8221;default&#8221; global_colors_info=&#8221;{}&#8221;][et_pb_text _builder_version=&#8221;4.17.0&#8243; _module_preset=&#8221;default&#8221; global_colors_info=&#8221;{}&#8221;]<\/p>\n<p><strong>Caracter\u00edsticas t\u00e9cnicas:<\/strong><\/p>\n<p>[\/et_pb_text][dsm_icon_list _builder_version=&#8221;4.24.2&#8243; _module_preset=&#8221;default&#8221; global_colors_info=&#8221;{}&#8221;][dsm_icon_list_child text=&#8221;Gancho oscilante de grande capacidade;&#8221; font_icon=&#8221;&#x52;||divi||400&#8243; icon_padding=&#8221;15px&#8221; icon_font_size=&#8221;34px&#8221; _builder_version=&#8221;4.17.0&#8243; _module_preset=&#8221;default&#8221; global_colors_info=&#8221;{}&#8221;][\/dsm_icon_list_child][dsm_icon_list_child text=&#8221;Sistema de transporte intermitente;&#8221; font_icon=&#8221;&#x52;||divi||400&#8243; icon_padding=&#8221;15px&#8221; icon_font_size=&#8221;34px&#8221; _builder_version=&#8221;4.17.0&#8243; _module_preset=&#8221;default&#8221; global_colors_info=&#8221;{}&#8221;][\/dsm_icon_list_child][dsm_icon_list_child text=&#8221;Velocidade de costura: m\u00e1x. 2700 p\/m;&#8221; font_icon=&#8221;&#x52;||divi||400&#8243; icon_padding=&#8221;15px&#8221; icon_font_size=&#8221;34px&#8221; _builder_version=&#8221;4.17.0&#8243; _module_preset=&#8221;default&#8221; global_colors_info=&#8221;{}&#8221;][\/dsm_icon_list_child][dsm_icon_list_child text=&#8221;Comprimento do ponto: de 0,05 a 12,70 mm;&#8221; font_icon=&#8221;&#x52;||divi||400&#8243; icon_padding=&#8221;15px&#8221; icon_font_size=&#8221;34px&#8221; _builder_version=&#8221;4.24.2&#8243; _module_preset=&#8221;default&#8221; global_colors_info=&#8221;{}&#8221;][\/dsm_icon_list_child][dsm_icon_list_child text=&#8221;Alimenta\u00e7\u00e3o el\u00e9trica: 220V monof\u00e1sico;&#8221; font_icon=&#8221;&#x52;||divi||400&#8243; icon_padding=&#8221;15px&#8221; icon_font_size=&#8221;34px&#8221; _builder_version=&#8221;4.17.0&#8243; _module_preset=&#8221;default&#8221; global_colors_info=&#8221;{}&#8221;][\/dsm_icon_list_child][dsm_icon_list_child text=&#8221;Entrada USB para transfer\u00eancia de dados e mem\u00f3ria interna para programas.&#8221; font_icon=&#8221;&#x52;||divi||400&#8243; icon_padding=&#8221;15px&#8221; icon_font_size=&#8221;34px&#8221; _builder_version=&#8221;4.17.0&#8243; _module_preset=&#8221;default&#8221; global_colors_info=&#8221;{}&#8221;][\/dsm_icon_list_child][\/dsm_icon_list][et_pb_text _builder_version=&#8221;4.24.2&#8243; _module_preset=&#8221;default&#8221; custom_margin=&#8221;||||false|false&#8221; custom_padding=&#8221;30px||||false|false&#8221; global_colors_info=&#8221;{}&#8221;]<\/p>\n<p>A R.A.M. permite a integra\u00e7\u00e3o de tecnologias tamb\u00e9m presentes nos equipamentos Rodella Technologies:<\/p>\n<p>[\/et_pb_text][dsm_icon_list _builder_version=&#8221;4.24.2&#8243; _module_preset=&#8221;default&#8221; global_colors_info=&#8221;{}&#8221;][dsm_icon_list_child text=&#8221;Kit calcador pneum\u00e1tico;&#8221; font_icon=&#8221;&#x52;||divi||400&#8243; icon_padding=&#8221;15px&#8221; icon_font_size=&#8221;34px&#8221; _builder_version=&#8221;4.24.2&#8243; _module_preset=&#8221;default&#8221; global_colors_info=&#8221;{}&#8221;][\/dsm_icon_list_child][dsm_icon_list_child text=&#8221;Kit de engate\/desengate r\u00e1pido de pallet com estrutura dedicada;&#8221; font_icon=&#8221;&#x52;||divi||400&#8243; icon_padding=&#8221;15px&#8221; icon_font_size=&#8221;34px&#8221; _builder_version=&#8221;4.24.2&#8243; _module_preset=&#8221;default&#8221; global_colors_info=&#8221;{}&#8221;][\/dsm_icon_list_child][dsm_icon_list_child text=&#8221;Kit clutch: modificado especialmente para a atual linha de equipamentos.&#8221; font_icon=&#8221;&#x52;||divi||400&#8243; icon_padding=&#8221;15px&#8221; icon_font_size=&#8221;34px&#8221; _builder_version=&#8221;4.24.2&#8243; _module_preset=&#8221;default&#8221; global_colors_info=&#8221;{}&#8221;][\/dsm_icon_list_child][\/dsm_icon_list][\/et_pb_column][et_pb_column type=&#8221;1_2&#8243; _builder_version=&#8221;4.17.0&#8243; _module_preset=&#8221;default&#8221; global_colors_info=&#8221;{}&#8221;][et_pb_image src=&#8221;https:\/\/ramitaly.it\/wp-content\/uploads\/2022\/04\/roddik-MU-311-min.jpg&#8221; title_text=&#8221;roddik-MU-311-min&#8221; show_in_lightbox=&#8221;on&#8221; align=&#8221;center&#8221; _builder_version=&#8221;4.17.1&#8243; _dynamic_attributes=&#8221;url&#8221; _module_preset=&#8221;default&#8221; animation_style=&#8221;fold&#8221; border_radii=&#8221;on|50px|50px|50px|50px&#8221; global_colors_info=&#8221;{}&#8221;][\/et_pb_image][et_pb_button button_url=&#8221;https:\/\/ramitaly.it\/wp-content\/uploads\/2026\/02\/RODDIK-POR-.pdf&#8221; url_new_window=&#8221;on&#8221; button_text=&#8221;Baixe o cat\u00e1logo&#8221; button_alignment=&#8221;center&#8221; _builder_version=&#8221;4.27.5&#8243; _module_preset=&#8221;default&#8221; hover_enabled=&#8221;0&#8243; global_colors_info=&#8221;{}&#8221; sticky_enabled=&#8221;0&#8243;][\/et_pb_button][\/et_pb_column][\/et_pb_row][et_pb_row _builder_version=&#8221;4.17.0&#8243; _module_preset=&#8221;default&#8221; global_colors_info=&#8221;{}&#8221;][et_pb_column type=&#8221;4_4&#8243; _builder_version=&#8221;4.17.0&#8243; _module_preset=&#8221;default&#8221; global_colors_info=&#8221;{}&#8221;][et_pb_text _builder_version=&#8221;4.17.0&#8243; _module_preset=&#8221;default&#8221; global_colors_info=&#8221;{}&#8221;]<\/p>\n<p><strong>Modelos e \u00e1reas de trabalho:<\/strong><\/p>\n<p>[\/et_pb_text][\/et_pb_column][\/et_pb_row][et_pb_row column_structure=&#8221;1_2,1_2&#8243; _builder_version=&#8221;4.17.0&#8243; _module_preset=&#8221;default&#8221; background_color=&#8221;RGBA(255,255,255,0)&#8221; custom_margin=&#8221;||30px||false|false&#8221; custom_padding=&#8221;15px||15px||false|false&#8221; border_radii=&#8221;on|50px|50px|50px|50px&#8221; border_width_all=&#8221;4px&#8221; border_color_all=&#8221;rgba(54,97,150,0.36)&#8221; global_colors_info=&#8221;{}&#8221;][et_pb_column type=&#8221;1_2&#8243; _builder_version=&#8221;4.17.0&#8243; _module_preset=&#8221;default&#8221; global_colors_info=&#8221;{}&#8221;][et_pb_text _builder_version=&#8221;4.17.0&#8243; _module_preset=&#8221;default&#8221; global_colors_info=&#8221;{}&#8221;]<\/p>\n<p style=\"text-align: center;\"><strong>Modelo<\/strong><\/p>\n<p>[\/et_pb_text][\/et_pb_column][et_pb_column type=&#8221;1_2&#8243; _builder_version=&#8221;4.17.0&#8243; _module_preset=&#8221;default&#8221; global_colors_info=&#8221;{}&#8221;][et_pb_text _builder_version=&#8221;4.17.0&#8243; _module_preset=&#8221;default&#8221; global_colors_info=&#8221;{}&#8221;]<\/p>\n<p style=\"text-align: center;\"><strong>\u00c1rea de Trabalho<\/strong><\/p>\n<p>[\/et_pb_text][\/et_pb_column][\/et_pb_row][et_pb_row column_structure=&#8221;1_2,1_2&#8243; _builder_version=&#8221;4.17.0&#8243; _module_preset=&#8221;default&#8221; background_color=&#8221;rgba(54,97,150,0.17)&#8221; custom_padding=&#8221;15px||15px||false|false&#8221; border_radii=&#8221;on|50px|50px|50px|50px&#8221; border_width_bottom=&#8221;1px&#8221; border_color_bottom=&#8221;#366196&#8243; global_colors_info=&#8221;{}&#8221;][et_pb_column type=&#8221;1_2&#8243; _builder_version=&#8221;4.17.0&#8243; _module_preset=&#8221;default&#8221; global_colors_info=&#8221;{}&#8221;][et_pb_text _builder_version=&#8221;4.17.0&#8243; _module_preset=&#8221;default&#8221; global_colors_info=&#8221;{}&#8221;]<\/p>\n<p style=\"text-align: center;\">MU-311<\/p>\n<p>[\/et_pb_text][\/et_pb_column][et_pb_column type=&#8221;1_2&#8243; _builder_version=&#8221;4.17.0&#8243; _module_preset=&#8221;default&#8221; global_colors_info=&#8221;{}&#8221;][et_pb_text _builder_version=&#8221;4.24.2&#8243; _module_preset=&#8221;default&#8221; global_colors_info=&#8221;{}&#8221;]<\/p>\n<p style=\"text-align: center;\">130 x 100 mm<\/p>\n<p>[\/et_pb_text][\/et_pb_column][\/et_pb_row][et_pb_row column_structure=&#8221;1_2,1_2&#8243; _builder_version=&#8221;4.17.0&#8243; _module_preset=&#8221;default&#8221; custom_padding=&#8221;15px||15px||false|false&#8221; border_radii=&#8221;on|50px|50px|50px|50px&#8221; border_width_bottom=&#8221;1px&#8221; border_color_bottom=&#8221;#366196&#8243; global_colors_info=&#8221;{}&#8221;][et_pb_column type=&#8221;1_2&#8243; _builder_version=&#8221;4.17.0&#8243; _module_preset=&#8221;default&#8221; global_colors_info=&#8221;{}&#8221;][et_pb_text _builder_version=&#8221;4.17.0&#8243; _module_preset=&#8221;default&#8221; global_colors_info=&#8221;{}&#8221;]<\/p>\n<p style=\"text-align: center;\">MU-326<\/p>\n<p>[\/et_pb_text][\/et_pb_column][et_pb_column type=&#8221;1_2&#8243; _builder_version=&#8221;4.17.0&#8243; _module_preset=&#8221;default&#8221; global_colors_info=&#8221;{}&#8221;][et_pb_text _builder_version=&#8221;4.17.0&#8243; _module_preset=&#8221;default&#8221; global_colors_info=&#8221;{}&#8221;]<\/p>\n<p style=\"text-align: center;\">220 x 100 mm<\/p>\n<p>[\/et_pb_text][\/et_pb_column][\/et_pb_row][et_pb_row column_structure=&#8221;1_2,1_2&#8243; _builder_version=&#8221;4.17.0&#8243; _module_preset=&#8221;default&#8221; background_color=&#8221;#dce2eb&#8221; custom_padding=&#8221;15px||15px||false|false&#8221; border_radii=&#8221;on|50px|50px|50px|50px&#8221; border_width_bottom=&#8221;1px&#8221; border_color_bottom=&#8221;#366196&#8243; global_colors_info=&#8221;{}&#8221;][et_pb_column type=&#8221;1_2&#8243; _builder_version=&#8221;4.17.0&#8243; _module_preset=&#8221;default&#8221; global_colors_info=&#8221;{}&#8221;][et_pb_text _builder_version=&#8221;4.17.0&#8243; _module_preset=&#8221;default&#8221; global_colors_info=&#8221;{}&#8221;]<\/p>\n<p style=\"text-align: center;\">MU-342<\/p>\n<p>[\/et_pb_text][\/et_pb_column][et_pb_column type=&#8221;1_2&#8243; _builder_version=&#8221;4.17.0&#8243; _module_preset=&#8221;default&#8221; global_colors_info=&#8221;{}&#8221;][et_pb_text _builder_version=&#8221;4.17.0&#8243; _module_preset=&#8221;default&#8221; global_colors_info=&#8221;{}&#8221;]<\/p>\n<p style=\"text-align: center;\">300 x 200 mm<\/p>\n<p>[\/et_pb_text][\/et_pb_column][\/et_pb_row][et_pb_row column_structure=&#8221;1_2,1_2&#8243; _builder_version=&#8221;4.17.0&#8243; _module_preset=&#8221;default&#8221; background_color=&#8221;RGBA(255,255,255,0)&#8221; custom_padding=&#8221;15px||15px||false|false&#8221; border_radii=&#8221;on|50px|50px|50px|50px&#8221; border_width_bottom=&#8221;1px&#8221; border_color_bottom=&#8221;#366196&#8243; global_colors_info=&#8221;{}&#8221;][et_pb_column type=&#8221;1_2&#8243; _builder_version=&#8221;4.17.0&#8243; _module_preset=&#8221;default&#8221; global_colors_info=&#8221;{}&#8221;][et_pb_text _builder_version=&#8221;4.17.0&#8243; _module_preset=&#8221;default&#8221; global_colors_info=&#8221;{}&#8221;]<\/p>\n<p style=\"text-align: center;\">MU-352<\/p>\n<p>[\/et_pb_text][\/et_pb_column][et_pb_column type=&#8221;1_2&#8243; _builder_version=&#8221;4.17.0&#8243; _module_preset=&#8221;default&#8221; global_colors_info=&#8221;{}&#8221;][et_pb_text _builder_version=&#8221;4.17.0&#8243; _module_preset=&#8221;default&#8221; global_colors_info=&#8221;{}&#8221;]<\/p>\n<p style=\"text-align: center;\">450 x 300 mm<\/p>\n<p>[\/et_pb_text][\/et_pb_column][\/et_pb_row][et_pb_row column_structure=&#8221;1_2,1_2&#8243; _builder_version=&#8221;4.17.0&#8243; _module_preset=&#8221;default&#8221; background_color=&#8221;#dce2eb&#8221; custom_padding=&#8221;15px||15px||false|false&#8221; border_radii=&#8221;on|50px|50px|50px|50px&#8221; border_width_bottom=&#8221;1px&#8221; border_color_bottom=&#8221;#366196&#8243; global_colors_info=&#8221;{}&#8221;][et_pb_column type=&#8221;1_2&#8243; _builder_version=&#8221;4.17.0&#8243; _module_preset=&#8221;default&#8221; global_colors_info=&#8221;{}&#8221;][et_pb_text _builder_version=&#8221;4.17.0&#8243; _module_preset=&#8221;default&#8221; global_colors_info=&#8221;{}&#8221;]<\/p>\n<p style=\"text-align: center;\">MU-362<\/p>\n<p>[\/et_pb_text][\/et_pb_column][et_pb_column type=&#8221;1_2&#8243; _builder_version=&#8221;4.17.0&#8243; _module_preset=&#8221;default&#8221; global_colors_info=&#8221;{}&#8221;][et_pb_text _builder_version=&#8221;4.17.0&#8243; _module_preset=&#8221;default&#8221; global_colors_info=&#8221;{}&#8221;]<\/p>\n<p style=\"text-align: center;\">600 x 400 mm<\/p>\n<p>[\/et_pb_text][\/et_pb_column][\/et_pb_row][\/et_pb_section]<\/p>\n","protected":false},"excerpt":{"rendered":"<p>A R.A.M. \u00e9 revendedora de m\u00e1quinas autom\u00e1ticas de costura program\u00e1veis, de ponto travado, de importa\u00e7\u00e3o, com excelente custo-benef\u00edcio.Caracter\u00edsticas t\u00e9cnicas:<div class=\"et_pb_module dsm_icon_list dsm_icon_list_0\">\n\t\t\t\t\n\t\t\t\t\n\t\t\t\t\n\t\t\t\t\n\t\t\t\t\n\t\t\t\t\n\t\t\t\t<div class=\"et_pb_module_inner\">\n\t\t\t\t\t<ul class=\"dsm_icon_list_items dsm_icon_list_ltr_direction dsm_icon_list_layout_vertical\"><li class=\"dsm_icon_list_child dsm_icon_list_child_0\">\n\t\t\t\t\n\t\t\t\t\n\t\t\t\t\n\t\t\t\t\n\t\t\t\t<span class=\"dsm_icon_list_wrapper\"><span class=\"dsm_icon_list_icon\">R<\/span><\/span><span class=\"dsm_icon_list_text\">Gancho oscilante de grande capacidade;<\/span>\n\t\t\t<\/li><li class=\"dsm_icon_list_child dsm_icon_list_child_1\">\n\t\t\t\t\n\t\t\t\t\n\t\t\t\t\n\t\t\t\t\n\t\t\t\t<span class=\"dsm_icon_list_wrapper\"><span class=\"dsm_icon_list_icon\">R<\/span><\/span><span class=\"dsm_icon_list_text\">Sistema de transporte intermitente;<\/span>\n\t\t\t<\/li><li class=\"dsm_icon_list_child dsm_icon_list_child_2\">\n\t\t\t\t\n\t\t\t\t\n\t\t\t\t\n\t\t\t\t\n\t\t\t\t<span class=\"dsm_icon_list_wrapper\"><span class=\"dsm_icon_list_icon\">R<\/span><\/span><span class=\"dsm_icon_list_text\">Velocidade de costura: m\u00e1x. 2700 p\/m;<\/span>\n\t\t\t<\/li><li class=\"dsm_icon_list_child dsm_icon_list_child_3\">\n\t\t\t\t\n\t\t\t\t\n\t\t\t\t\n\t\t\t\t\n\t\t\t\t<span class=\"dsm_icon_list_wrapper\"><span class=\"dsm_icon_list_icon\">R<\/span><\/span><span class=\"dsm_icon_list_text\">Comprimento do ponto: de 0,05 a 12,70 mm;<\/span>\n\t\t\t<\/li><li class=\"dsm_icon_list_child dsm_icon_list_child_4\">\n\t\t\t\t\n\t\t\t\t\n\t\t\t\t\n\t\t\t\t\n\t\t\t\t<span class=\"dsm_icon_list_wrapper\"><span class=\"dsm_icon_list_icon\">R<\/span><\/span><span class=\"dsm_icon_list_text\">Alimenta\u00e7\u00e3o el\u00e9trica: 220V monof\u00e1sico;<\/span>\n\t\t\t<\/li><li class=\"dsm_icon_list_child dsm_icon_list_child_5\">\n\t\t\t\t\n\t\t\t\t\n\t\t\t\t\n\t\t\t\t\n\t\t\t\t<span class=\"dsm_icon_list_wrapper\"><span class=\"dsm_icon_list_icon\">R<\/span><\/span><span class=\"dsm_icon_list_text\">Entrada USB para transfer\u00eancia de dados e mem\u00f3ria interna para programas.<\/span>\n\t\t\t<\/li><\/ul>\n\t\t\t\t<\/div>\n\t\t\t<\/div>A R.A.M. permite a integra\u00e7\u00e3o de tecnologias tamb\u00e9m presentes nos equipamentos Rodella Technologies:<div class=\"et_pb_module dsm_icon_list dsm_icon_list_1\">\n\t\t\t\t\n\t\t\t\t\n\t\t\t\t\n\t\t\t\t\n\t\t\t\t\n\t\t\t\t\n\t\t\t\t<div class=\"et_pb_module_inner\">\n\t\t\t\t\t<ul class=\"dsm_icon_list_items dsm_icon_list_ltr_direction dsm_icon_list_layout_vertical\"><li class=\"dsm_icon_list_child dsm_icon_list_child_6\">\n\t\t\t\t\n\t\t\t\t\n\t\t\t\t\n\t\t\t\t\n\t\t\t\t<span class=\"dsm_icon_list_wrapper\"><span class=\"dsm_icon_list_icon\">R<\/span><\/span><span class=\"dsm_icon_list_text\">Kit calcador pneum\u00e1tico;<\/span>\n\t\t\t<\/li><li class=\"dsm_icon_list_child dsm_icon_list_child_7\">\n\t\t\t\t\n\t\t\t\t\n\t\t\t\t\n\t\t\t\t\n\t\t\t\t<span class=\"dsm_icon_list_wrapper\"><span class=\"dsm_icon_list_icon\">R<\/span><\/span><span class=\"dsm_icon_list_text\">Kit de engate\/desengate r\u00e1pido de pallet com estrutura dedicada;<\/span>\n\t\t\t<\/li><li class=\"dsm_icon_list_child dsm_icon_list_child_8\">\n\t\t\t\t\n\t\t\t\t\n\t\t\t\t\n\t\t\t\t\n\t\t\t\t<span class=\"dsm_icon_list_wrapper\"><span class=\"dsm_icon_list_icon\">R<\/span><\/span><span class=\"dsm_icon_list_text\">Kit clutch: modificado especialmente para a atual linha de equipamentos.<\/span>\n\t\t\t<\/li><\/ul>\n\t\t\t\t<\/div>\n\t\t\t<\/div>Modelos e \u00e1reas de trabalho:Modelo\u00c1rea de TrabalhoMU-311130 x 100 mmMU-326220 x 100 mmMU-342300 x 200 mmMU-352450 x 300 mmMU-362600 x 400 mm<\/p>\n","protected":false},"author":1,"featured_media":0,"parent":0,"menu_order":0,"comment_status":"closed","ping_status":"closed","template":"","meta":{"_et_pb_use_builder":"on","_et_pb_old_content":"","_et_gb_content_width":"","footnotes":""},"class_list":["post-1312","page","type-page","status-publish","hentry"],"_links":{"self":[{"href":"https:\/\/ramitaly.it\/pt-br\/wp-json\/wp\/v2\/pages\/1312","targetHints":{"allow":["GET"]}}],"collection":[{"href":"https:\/\/ramitaly.it\/pt-br\/wp-json\/wp\/v2\/pages"}],"about":[{"href":"https:\/\/ramitaly.it\/pt-br\/wp-json\/wp\/v2\/types\/page"}],"author":[{"embeddable":true,"href":"https:\/\/ramitaly.it\/pt-br\/wp-json\/wp\/v2\/users\/1"}],"replies":[{"embeddable":true,"href":"https:\/\/ramitaly.it\/pt-br\/wp-json\/wp\/v2\/comments?post=1312"}],"version-history":[{"count":4,"href":"https:\/\/ramitaly.it\/pt-br\/wp-json\/wp\/v2\/pages\/1312\/revisions"}],"predecessor-version":[{"id":1465,"href":"https:\/\/ramitaly.it\/pt-br\/wp-json\/wp\/v2\/pages\/1312\/revisions\/1465"}],"wp:attachment":[{"href":"https:\/\/ramitaly.it\/pt-br\/wp-json\/wp\/v2\/media?parent=1312"}],"curies":[{"name":"wp","href":"https:\/\/api.w.org\/{rel}","templated":true}]}}