{"id":1338,"date":"2026-02-17T14:19:10","date_gmt":"2026-02-17T13:19:10","guid":{"rendered":"https:\/\/ramitaly.it\/hr1601th-3t\/"},"modified":"2026-02-17T14:19:11","modified_gmt":"2026-02-17T13:19:11","slug":"hr1601th-3t","status":"publish","type":"page","link":"https:\/\/ramitaly.it\/pt-br\/hr1601th-3t\/","title":{"rendered":"HR1601TH 3T"},"content":{"rendered":"<p>[et_pb_section fb_built=&#8221;1&#8243; _builder_version=&#8221;4.17.0&#8243; _module_preset=&#8221;default&#8221; background_color=&#8221;RGBA(255,255,255,0)&#8221; use_background_color_gradient=&#8221;on&#8221; background_color_gradient_direction=&#8221;95deg&#8221; background_color_gradient_stops=&#8221;rgba(54,97,150,0.93) 0%|rgba(54,97,150,0.59) 100%&#8221; background_color_gradient_start=&#8221;rgba(54,97,150,0.93)&#8221; background_color_gradient_end=&#8221;rgba(54,97,150,0.92)&#8221; background_enable_image=&#8221;off&#8221; background_enable_pattern_style=&#8221;on&#8221; background_pattern_style=&#8221;tufted&#8221; background_pattern_color=&#8221;rgba(0,0,0,0.35)&#8221; background_pattern_horizontal_offset=&#8221;0%&#8221; custom_padding=&#8221;45px||90px||false|false&#8221; bottom_divider_style=&#8221;asymmetric&#8221; bottom_divider_color=&#8221;#FFFFFF&#8221; global_module=&#8221;280&#8243; locked=&#8221;off&#8221; global_colors_info=&#8221;{}&#8221;][et_pb_row _builder_version=&#8221;4.16&#8243; _module_preset=&#8221;default&#8221; global_colors_info=&#8221;{}&#8221;][et_pb_column type=&#8221;4_4&#8243; _builder_version=&#8221;4.16&#8243; _module_preset=&#8221;default&#8221; global_colors_info=&#8221;{}&#8221;][et_pb_text _builder_version=&#8221;4.16&#8243; _dynamic_attributes=&#8221;content&#8221; text_font=&#8221;|700||on|||||&#8221; text_text_color=&#8221;#FFFFFF&#8221; text_font_size=&#8221;42px&#8221; header_font=&#8221;Poppins|600||on|||||&#8221; header_text_color=&#8221;#FFFFFF&#8221; header_font_size=&#8221;56px&#8221; header_line_height=&#8221;1.4em&#8221; header_3_font=&#8221;Poppins|600||on|||||&#8221; header_3_text_color=&#8221;#0b7834&#8243; header_3_font_size=&#8221;74px&#8221; header_3_line_height=&#8221;1.4em&#8221; text_orientation=&#8221;center&#8221; custom_margin=&#8221;||14px|||&#8221; header_text_shadow_style=&#8221;preset4&#8243; header_text_shadow_vertical_length=&#8221;0.05em&#8221; header_text_shadow_color=&#8221;rgba(0,0,0,0.89)&#8221; header_3_text_shadow_style=&#8221;preset4&#8243; header_3_text_shadow_vertical_length=&#8221;0.05em&#8221; header_3_text_shadow_color=&#8221;rgba(0,0,0,0.89)&#8221; global_colors_info=&#8221;{}&#8221;]@ET-DC@eyJkeW5hbWljIjp0cnVlLCJjb250ZW50IjoicG9zdF90aXRsZSIsInNldHRpbmdzIjp7ImJlZm9yZSI6IiIsImFmdGVyIjoiIiwiZW5hYmxlX2h0bWwiOiJvZmYifX0=@[\/et_pb_text][\/et_pb_column][\/et_pb_row][\/et_pb_section][et_pb_section fb_built=&#8221;1&#8243; _builder_version=&#8221;4.17.0&#8243; _module_preset=&#8221;default&#8221; background_enable_color=&#8221;off&#8221; use_background_color_gradient=&#8221;on&#8221; background_color_gradient_stops=&#8221;rgba(230,221,205,0.17) 0%|rgba(230,221,205,0) 100%&#8221; background_color_gradient_overlays_image=&#8221;on&#8221; background_color_gradient_start=&#8221;rgba(230,221,205,0.17)&#8221; background_color_gradient_end=&#8221;rgba(230,221,205,0)&#8221; background_enable_image=&#8221;off&#8221; custom_margin=&#8221;||||false|false&#8221; custom_padding=&#8221;101px||0px||false|false&#8221; top_divider_style=&#8221;asymmetric&#8221; top_divider_color=&#8221;#FFFFFF&#8221; top_divider_height=&#8221;157px&#8221; border_color_top=&#8221;#c6c6c6&#8243; border_style_top=&#8221;dashed&#8221; border_color_bottom=&#8221;#c6c6c6&#8243; border_style_bottom=&#8221;dashed&#8221; global_colors_info=&#8221;{}&#8221;][et_pb_row _builder_version=&#8221;4.17.1&#8243; _module_preset=&#8221;default&#8221; global_module=&#8221;500&#8243; global_colors_info=&#8221;{}&#8221;][et_pb_column type=&#8221;4_4&#8243; _builder_version=&#8221;4.17.1&#8243; _module_preset=&#8221;default&#8221; global_colors_info=&#8221;{}&#8221;][et_pb_menu menu_id=&#8221;9&#8243; _builder_version=&#8221;4.17.1&#8243; _module_preset=&#8221;default&#8221; menu_text_color=&#8221;#000000&#8243; menu_font_size=&#8221;16px&#8221; background_color=&#8221;rgba(54,97,150,0.24)&#8221; text_orientation=&#8221;center&#8221; module_alignment=&#8221;center&#8221; custom_padding=&#8221;10px|30px|10px|30px|false|false&#8221; border_radii=&#8221;on|50px|50px|50px|50px&#8221; global_colors_info=&#8221;{}&#8221;][\/et_pb_menu][\/et_pb_column][\/et_pb_row][\/et_pb_section][et_pb_section fb_built=&#8221;1&#8243; _builder_version=&#8221;4.17.1&#8243; _module_preset=&#8221;default&#8221; custom_padding=&#8221;0px||||false|false&#8221; global_colors_info=&#8221;{}&#8221;][et_pb_row _builder_version=&#8221;4.17.1&#8243; _module_preset=&#8221;default&#8221; global_colors_info=&#8221;{}&#8221;][et_pb_column type=&#8221;4_4&#8243; _builder_version=&#8221;4.17.1&#8243; _module_preset=&#8221;default&#8221; global_colors_info=&#8221;{}&#8221;][dsm_card title=&#8221;HR1601TH 3T&#8221; layout=&#8221;inline&#8221; image=&#8221;https:\/\/ramitaly.it\/wp-content\/uploads\/2022\/10\/HR1601TH-3T-min.jpg&#8221; image_as_background=&#8221;off&#8221; use_content_icon=&#8221;on&#8221; font_icon=&#8221;&#x3f;||divi||400&#8243; use_icon_font_size=&#8221;on&#8221; icon_content_font_size=&#8221;49px&#8221; image_alignment=&#8221;center&#8221; content_padding=&#8221;0px|0px|0px|0px|true|false&#8221; button_text=&#8221;Fale conosco&#8221; button_url=&#8221;@ET-DC@eyJkeW5hbWljIjp0cnVlLCJjb250ZW50IjoicG9zdF9saW5rX3VybF9wYWdlIiwic2V0dGluZ3MiOnsicG9zdF9pZCI6IjQzMiIsImVuYWJsZV9odG1sIjoib2ZmIn19@&#8221; button_url_new_window=&#8221;1&#8243; layout_tablet=&#8221;stacked&#8221; layout_phone=&#8221;stacked&#8221; layout_last_edited=&#8221;on|tablet&#8221; _builder_version=&#8221;4.24.2&#8243; _dynamic_attributes=&#8221;button_url&#8221; _module_preset=&#8221;default&#8221; header_level=&#8221;h1&#8243; header_text_color=&#8221;#366196&#8243; header_font_size=&#8221;37px&#8221; button_alignment=&#8221;right&#8221; custom_margin=&#8221;||||false|false&#8221; custom_padding=&#8221;30px|30px|30px|30px|false|false&#8221; hover_enabled=&#8221;0&#8243; border_radii=&#8221;on|50px|50px|50px|50px&#8221; border_width_all=&#8221;1px&#8221; border_color_all=&#8221;#0C71C3&#8243; border_radii_image=&#8221;on|50px|50px|50px|50px&#8221; global_colors_info=&#8221;{}&#8221; sticky_enabled=&#8221;0&#8243;]<\/p>\n<p><strong>Caracter\u00edsticas t\u00e9cnicas:<\/strong><\/p>\n<p>&nbsp;<\/p>\n<ul>\n<li>As 3 cabe\u00e7as rotativas a 360\u00b0 garantem a perfei\u00e7\u00e3o do ponto e uma costura perfeita em todas as dire\u00e7\u00f5es, por meio de uma r\u00e1pida rota\u00e7\u00e3o do conjunto do croch\u00ea e da cabe\u00e7a de costura, alcan\u00e7ando a qualquer momento a dire\u00e7\u00e3o ideal de costura e assegurando uma qualidade impec\u00e1vel do ponto.<\/li>\n<li>Cabe\u00e7a de costura com eixos independentes;<\/li>\n<li>\u00c1rea de trabalho: 1000 x 600 mm;<\/li>\n<li>Velocidade m\u00e1xima de costura: 2000\u20132500 p\/min;<\/li>\n<li>Regulagem da altura do calcador controlada eletronicamente e programada conforme a espessura do material a ser costurado;<\/li>\n<li>Eleva\u00e7\u00e3o e baixamento autom\u00e1tico da cabe\u00e7a superior durante deslocamentos vazios, com possibilidade de ativa\u00e7\u00e3o ou desativa\u00e7\u00e3o via programa quando necess\u00e1rio;<\/li>\n<li>Gancho rotativo de grande capacidade;<\/li>\n<li>Tens\u00e3o da linha program\u00e1vel (opcional);<\/li>\n<li>Comprimento do ponto: 0,05\u201312 mm;<\/li>\n<li>Dimens\u00f5es (larg. x comp. x alt.): 300 x 190 x 200 cm;<\/li>\n<li>Peso l\u00edquido: 1250 kg;<\/li>\n<li>Alimenta\u00e7\u00e3o: 380 V + N;<\/li>\n<li>Clutch: sistema especial de pin\u00e7amento do fio que garante rein\u00edcios limpos ap\u00f3s cada corte de linha;<\/li>\n<li>Cortador de linha program\u00e1vel: sistema que permite excluir o corte da linha da bobina diretamente pelo programa, garantindo o fechamento perfeito do primeiro ponto;<\/li>\n<li>Porta USB para transfer\u00eancia de dados;<\/li>\n<li>Painel de controle touchscreen de f\u00e1cil utiliza\u00e7\u00e3o;<\/li>\n<li>A cabe\u00e7a rotativa a 360\u00b0 garante a perfei\u00e7\u00e3o do ponto e uma costura perfeita;<\/li>\n<li>Sensor de detec\u00e7\u00e3o de quebra de linha;<\/li>\n<li>Conex\u00e3o \u00e0 rede;<\/li>\n<\/ul>\n<p>[\/dsm_card][\/et_pb_column][\/et_pb_row][\/et_pb_section]<\/p>\n","protected":false},"excerpt":{"rendered":"<p><div class=\"et_pb_with_border et_pb_module dsm_card dsm_card_0 et_pb_bg_layout_light  dsm_card_layout_inline dsm_card_tablet_layout_stacked\">\n\t\t\t\t\n\t\t\t\t\n\t\t\t\t\n\t\t\t\t\n\t\t\t\t\n\t\t\t\t\n\t\t\t\t<div class=\"et_pb_module_inner\">\n\t\t\t\t\t\n\t\t\t\n\t\t\t<figure class=\"dsm_card_image_wrapper dsm_card_badge_top_right\"><img decoding=\"async\" src=\"https:\/\/ramitaly.it\/wp-content\/uploads\/2022\/10\/HR1601TH-3T-min.jpg\" alt=\"\" srcset=\"https:\/\/ramitaly.it\/wp-content\/uploads\/2022\/10\/HR1601TH-3T-min.jpg 600w, https:\/\/ramitaly.it\/wp-content\/uploads\/2022\/10\/HR1601TH-3T-min-480x320.jpg 480w\" sizes=\"(min-width: 0px) and (max-width: 480px) 480px, (min-width: 481px) 600px, 100vw\" class=\"dsm_card_img dsm_card_image_stretch\" \/><\/figure>\n\t\t\t<div class=\"et_pb_module dsm_card_wrapper et_pb_text_align_left\">\n\t\t\t\t\t<div class=\"dsm_card_icon\">\n\t\t\t\t\t\t<span class=\"dsm_card_icon_wrap\">\n\t\t\t\t\t\t\t<span class=\"et-pb-icon\">?<\/span>\n\t\t\t\t\t\t<\/span>\n\t\t\t\t\t<\/div>\n\t\t\t\t\t<h1 class=\"dsm_card_title et_pb_module_header\">HR1601TH 3T<\/h1>\n\t\t\t\t\t\n\t\t\t\t\t\n\t\t\t\t\t<div class=\"et_pb_button_wrapper\"><a class=\"et_pb_button et_pb_more_button \" href=\"\">Fale conosco<\/a><\/div>\n\t\t\t\t<\/div>\n\t\t\t\n\t\t\t\t<\/div>\n\t\t\t<\/div>Caracter\u00edsticas t\u00e9cnicas: &nbsp; As 3 cabe\u00e7as rotativas a 360\u00b0 garantem a perfei\u00e7\u00e3o do ponto e uma costura perfeita em todas as dire\u00e7\u00f5es, por meio de uma r\u00e1pida rota\u00e7\u00e3o do conjunto do croch\u00ea e da cabe\u00e7a de costura, alcan\u00e7ando a qualquer momento a dire\u00e7\u00e3o ideal de costura e assegurando uma qualidade impec\u00e1vel do ponto. Cabe\u00e7a de costura com eixos independentes; \u00c1rea de trabalho: 1000 x 600 mm; Velocidade m\u00e1xima de costura: 2000\u20132500 p\/min; Regulagem da altura do calcador controlada eletronicamente e programada conforme a espessura do material a ser costurado; Eleva\u00e7\u00e3o e baixamento autom\u00e1tico da cabe\u00e7a superior durante deslocamentos vazios, com possibilidade de ativa\u00e7\u00e3o ou desativa\u00e7\u00e3o via programa quando necess\u00e1rio; Gancho rotativo de grande capacidade; Tens\u00e3o da linha program\u00e1vel (opcional); Comprimento do ponto: 0,05\u201312 mm; Dimens\u00f5es (larg. x comp. x alt.): 300 x 190 x 200 cm; Peso l\u00edquido: 1250 kg; Alimenta\u00e7\u00e3o: 380 V + N; Clutch: sistema especial de pin\u00e7amento do fio que garante rein\u00edcios limpos ap\u00f3s cada corte de linha; Cortador de linha program\u00e1vel: sistema [&hellip;]<\/p>\n","protected":false},"author":1,"featured_media":0,"parent":0,"menu_order":0,"comment_status":"closed","ping_status":"closed","template":"","meta":{"_et_pb_use_builder":"on","_et_pb_old_content":"","_et_gb_content_width":"","footnotes":""},"class_list":["post-1338","page","type-page","status-publish","hentry"],"_links":{"self":[{"href":"https:\/\/ramitaly.it\/pt-br\/wp-json\/wp\/v2\/pages\/1338","targetHints":{"allow":["GET"]}}],"collection":[{"href":"https:\/\/ramitaly.it\/pt-br\/wp-json\/wp\/v2\/pages"}],"about":[{"href":"https:\/\/ramitaly.it\/pt-br\/wp-json\/wp\/v2\/types\/page"}],"author":[{"embeddable":true,"href":"https:\/\/ramitaly.it\/pt-br\/wp-json\/wp\/v2\/users\/1"}],"replies":[{"embeddable":true,"href":"https:\/\/ramitaly.it\/pt-br\/wp-json\/wp\/v2\/comments?post=1338"}],"version-history":[{"count":2,"href":"https:\/\/ramitaly.it\/pt-br\/wp-json\/wp\/v2\/pages\/1338\/revisions"}],"predecessor-version":[{"id":1341,"href":"https:\/\/ramitaly.it\/pt-br\/wp-json\/wp\/v2\/pages\/1338\/revisions\/1341"}],"wp:attachment":[{"href":"https:\/\/ramitaly.it\/pt-br\/wp-json\/wp\/v2\/media?parent=1338"}],"curies":[{"name":"wp","href":"https:\/\/api.w.org\/{rel}","templated":true}]}}