{"id":1350,"date":"2026-02-17T14:29:53","date_gmt":"2026-02-17T13:29:53","guid":{"rendered":"https:\/\/ramitaly.it\/acessorios\/"},"modified":"2026-02-17T14:29:54","modified_gmt":"2026-02-17T13:29:54","slug":"acessorios","status":"publish","type":"page","link":"https:\/\/ramitaly.it\/pt-br\/acessorios\/","title":{"rendered":"ACESS\u00d3RIOS"},"content":{"rendered":"<p>[et_pb_section fb_built=&#8221;1&#8243; _builder_version=&#8221;4.17.0&#8243; _module_preset=&#8221;default&#8221; background_color=&#8221;RGBA(255,255,255,0)&#8221; use_background_color_gradient=&#8221;on&#8221; background_color_gradient_direction=&#8221;95deg&#8221; background_color_gradient_stops=&#8221;rgba(54,97,150,0.93) 0%|rgba(54,97,150,0.59) 100%&#8221; background_color_gradient_start=&#8221;rgba(54,97,150,0.93)&#8221; background_color_gradient_end=&#8221;rgba(54,97,150,0.92)&#8221; background_enable_image=&#8221;off&#8221; background_enable_pattern_style=&#8221;on&#8221; background_pattern_style=&#8221;tufted&#8221; background_pattern_color=&#8221;rgba(0,0,0,0.35)&#8221; background_pattern_horizontal_offset=&#8221;0%&#8221; custom_padding=&#8221;45px||90px||false|false&#8221; bottom_divider_style=&#8221;asymmetric&#8221; bottom_divider_color=&#8221;#FFFFFF&#8221; global_module=&#8221;280&#8243; locked=&#8221;off&#8221; global_colors_info=&#8221;{}&#8221;][et_pb_row _builder_version=&#8221;4.16&#8243; _module_preset=&#8221;default&#8221; global_colors_info=&#8221;{}&#8221;][et_pb_column type=&#8221;4_4&#8243; _builder_version=&#8221;4.16&#8243; _module_preset=&#8221;default&#8221; global_colors_info=&#8221;{}&#8221;][et_pb_text _builder_version=&#8221;4.16&#8243; _dynamic_attributes=&#8221;content&#8221; text_font=&#8221;|700||on|||||&#8221; text_text_color=&#8221;#FFFFFF&#8221; text_font_size=&#8221;42px&#8221; header_font=&#8221;Poppins|600||on|||||&#8221; header_text_color=&#8221;#FFFFFF&#8221; header_font_size=&#8221;56px&#8221; header_line_height=&#8221;1.4em&#8221; header_3_font=&#8221;Poppins|600||on|||||&#8221; header_3_text_color=&#8221;#0b7834&#8243; header_3_font_size=&#8221;74px&#8221; header_3_line_height=&#8221;1.4em&#8221; text_orientation=&#8221;center&#8221; custom_margin=&#8221;||14px|||&#8221; header_text_shadow_style=&#8221;preset4&#8243; header_text_shadow_vertical_length=&#8221;0.05em&#8221; header_text_shadow_color=&#8221;rgba(0,0,0,0.89)&#8221; header_3_text_shadow_style=&#8221;preset4&#8243; header_3_text_shadow_vertical_length=&#8221;0.05em&#8221; header_3_text_shadow_color=&#8221;rgba(0,0,0,0.89)&#8221; global_colors_info=&#8221;{}&#8221;]@ET-DC@eyJkeW5hbWljIjp0cnVlLCJjb250ZW50IjoicG9zdF90aXRsZSIsInNldHRpbmdzIjp7ImJlZm9yZSI6IiIsImFmdGVyIjoiIiwiZW5hYmxlX2h0bWwiOiJvZmYifX0=@[\/et_pb_text][\/et_pb_column][\/et_pb_row][\/et_pb_section][et_pb_section fb_built=&#8221;1&#8243; _builder_version=&#8221;4.17.0&#8243; _module_preset=&#8221;default&#8221; background_color=&#8221;#FFFFFF&#8221; background_enable_image=&#8221;off&#8221; custom_margin=&#8221;||||false|false&#8221; custom_padding=&#8221;||0px||false|false&#8221; top_divider_color=&#8221;#FFFFFF&#8221; top_divider_height=&#8221;157px&#8221; border_color_top=&#8221;#c6c6c6&#8243; border_style_top=&#8221;dashed&#8221; border_color_bottom=&#8221;#c6c6c6&#8243; border_style_bottom=&#8221;dashed&#8221; global_colors_info=&#8221;{}&#8221;][et_pb_row _builder_version=&#8221;4.17.0&#8243; _module_preset=&#8221;default&#8221; custom_margin=&#8221;||||false|false&#8221; custom_padding=&#8221;0px||||false|false&#8221; global_colors_info=&#8221;{}&#8221;][et_pb_column type=&#8221;4_4&#8243; _builder_version=&#8221;4.17.0&#8243; _module_preset=&#8221;default&#8221; global_colors_info=&#8221;{}&#8221;][et_pb_text _builder_version=&#8221;4.17.0&#8243; _module_preset=&#8221;default&#8221; header_text_color=&#8221;#727272&#8243; header_line_height=&#8221;1.4em&#8221; global_colors_info=&#8221;{}&#8221;]<\/p>\n<h1>O ponto forte da R.A.M. s\u00e3o seus t\u00e9cnicos preparados e qualificados, especializados no projeto e na constru\u00e7\u00e3o de m\u00e1quinas, na manuten\u00e7\u00e3o e na cria\u00e7\u00e3o de gabaritos sob medida para cada necessidade do cliente.<\/h1>\n<p>[\/et_pb_text][\/et_pb_column][\/et_pb_row][\/et_pb_section][et_pb_section fb_built=&#8221;1&#8243; _builder_version=&#8221;4.17.0&#8243; _module_preset=&#8221;default&#8221; background_enable_color=&#8221;off&#8221; use_background_color_gradient=&#8221;on&#8221; background_color_gradient_stops=&#8221;rgba(230,221,205,0.17) 0%|rgba(230,221,205,0) 100%&#8221; background_color_gradient_overlays_image=&#8221;on&#8221; background_color_gradient_start=&#8221;rgba(230,221,205,0.17)&#8221; background_color_gradient_end=&#8221;rgba(230,221,205,0)&#8221; background_enable_image=&#8221;off&#8221; custom_margin=&#8221;||||false|false&#8221; custom_padding=&#8221;101px||0px||false|false&#8221; top_divider_style=&#8221;asymmetric&#8221; top_divider_color=&#8221;#FFFFFF&#8221; top_divider_height=&#8221;157px&#8221; border_color_top=&#8221;#c6c6c6&#8243; border_style_top=&#8221;dashed&#8221; border_color_bottom=&#8221;#c6c6c6&#8243; border_style_bottom=&#8221;dashed&#8221; global_colors_info=&#8221;{}&#8221;][et_pb_row column_structure=&#8221;1_2,1_2&#8243; _builder_version=&#8221;4.17.0&#8243; _module_preset=&#8221;default&#8221; global_colors_info=&#8221;{}&#8221;][et_pb_column type=&#8221;1_2&#8243; _builder_version=&#8221;4.17.0&#8243; _module_preset=&#8221;default&#8221; global_colors_info=&#8221;{}&#8221;][dsm_text_divider header=&#8221;KIT DE BARREIRAS&#8221; _builder_version=&#8221;4.17.0&#8243; _module_preset=&#8221;default&#8221; global_colors_info=&#8221;{}&#8221;][\/dsm_text_divider][et_pb_image src=&#8221;https:\/\/ramitaly.it\/wp-content\/uploads\/2022\/04\/kit-barriere_accessori-min.jpg&#8221; title_text=&#8221;kit-barriere_accessori-min&#8221; show_in_lightbox=&#8221;on&#8221; align=&#8221;center&#8221; _builder_version=&#8221;4.17.1&#8243; _module_preset=&#8221;default&#8221; animation_style=&#8221;fold&#8221; border_radii=&#8221;on|50px|50px|50px|50px&#8221; global_colors_info=&#8221;{}&#8221;][\/et_pb_image][et_pb_text _builder_version=&#8221;4.17.0&#8243; _module_preset=&#8221;default&#8221; global_colors_info=&#8221;{}&#8221;]<\/p>\n<p>A R.A.M. se renova com uma nova linha de m\u00e1quinas pensada para a seguran\u00e7a do trabalhador.<\/p>\n<p>Desenvolvemos um kit de barreiras com sensores fotoel\u00e9tricos capaz de evitar qualquer dano acidental ao operador durante os ciclos produtivos, reduzindo completamente os riscos de acidentes na m\u00e1quina de costura.<\/p>\n<p>[\/et_pb_text][\/et_pb_column][et_pb_column type=&#8221;1_2&#8243; _builder_version=&#8221;4.17.0&#8243; _module_preset=&#8221;default&#8221; global_colors_info=&#8221;{}&#8221;][dsm_text_divider header=&#8221;M\u00c1QUINAS DE COSTURA DE EXECU\u00c7\u00c3O ESPECIAL&#8221; _builder_version=&#8221;4.17.0&#8243; _module_preset=&#8221;default&#8221; global_colors_info=&#8221;{}&#8221;][\/dsm_text_divider][et_pb_image src=&#8221;https:\/\/ramitaly.it\/wp-content\/uploads\/2022\/04\/macchine-da-cucire-per-esecuzione-speciale_accessori-min.jpg&#8221; title_text=&#8221;macchine-da-cucire-per-esecuzione speciale_accessori-min&#8221; show_in_lightbox=&#8221;on&#8221; align=&#8221;center&#8221; _builder_version=&#8221;4.17.1&#8243; _module_preset=&#8221;default&#8221; animation_style=&#8221;fold&#8221; border_radii=&#8221;on|50px|50px|50px|50px&#8221; global_colors_info=&#8221;{}&#8221;][\/et_pb_image][et_pb_text _builder_version=&#8221;4.17.0&#8243; _module_preset=&#8221;default&#8221; global_colors_info=&#8221;{}&#8221;]Criar um produto personalizado para o cliente representa o nosso maior desafio. Por isso, a R.A.M. \u00e9 capaz de desenvolver m\u00e1quinas de costura de execu\u00e7\u00e3o especial, com diferentes \u00e1reas de trabalho e tamb\u00e9m com a adi\u00e7\u00e3o de cabe\u00e7as de costura para necessidades espec\u00edficas.[\/et_pb_text][\/et_pb_column][\/et_pb_row][\/et_pb_section][et_pb_section fb_built=&#8221;1&#8243; _builder_version=&#8221;4.16&#8243; _module_preset=&#8221;default&#8221; background_enable_color=&#8221;off&#8221; use_background_color_gradient=&#8221;on&#8221; background_color_gradient_stops=&#8221;rgba(230,221,205,0.17) 0%|rgba(230,221,205,0) 100%&#8221; background_color_gradient_overlays_image=&#8221;on&#8221; background_color_gradient_start=&#8221;rgba(230,221,205,0.17)&#8221; background_color_gradient_end=&#8221;rgba(230,221,205,0)&#8221; background_enable_image=&#8221;off&#8221; custom_margin=&#8221;||||false|false&#8221; custom_padding=&#8221;100px||100px||true|false&#8221; top_divider_style=&#8221;asymmetric&#8221; top_divider_color=&#8221;#FFFFFF&#8221; top_divider_height=&#8221;157px&#8221; border_color_top=&#8221;#c6c6c6&#8243; border_style_top=&#8221;dashed&#8221; border_color_bottom=&#8221;#c6c6c6&#8243; border_style_bottom=&#8221;dashed&#8221; global_colors_info=&#8221;{}&#8221;][et_pb_row column_structure=&#8221;1_2,1_2&#8243; _builder_version=&#8221;4.17.0&#8243; _module_preset=&#8221;default&#8221; global_colors_info=&#8221;{}&#8221;][et_pb_column type=&#8221;1_2&#8243; _builder_version=&#8221;4.17.0&#8243; _module_preset=&#8221;default&#8221; global_colors_info=&#8221;{}&#8221;][dsm_text_divider header=&#8221;IND\u00daSTRIA 4.0&#8243; _builder_version=&#8221;4.17.0&#8243; _module_preset=&#8221;default&#8221; global_colors_info=&#8221;{}&#8221;][\/dsm_text_divider][et_pb_image src=&#8221;https:\/\/ramitaly.it\/wp-content\/uploads\/2022\/04\/industria_accessori-min.jpg&#8221; title_text=&#8221;industria_accessori-min&#8221; align=&#8221;center&#8221; _builder_version=&#8221;4.17.4&#8243; _module_preset=&#8221;default&#8221; animation_style=&#8221;fold&#8221; hover_enabled=&#8221;0&#8243; border_radii=&#8221;on|50px|50px|50px|50px&#8221; global_colors_info=&#8221;{}&#8221; show_in_lightbox=&#8221;on&#8221; sticky_enabled=&#8221;0&#8243;][\/et_pb_image][et_pb_text _builder_version=&#8221;4.17.0&#8243; _module_preset=&#8221;default&#8221; global_colors_info=&#8221;{}&#8221;]<\/p>\n<p>Nossas m\u00e1quinas de costura atendem integralmente a todos os requisitos para se enquadrar no seleto setor da Ind\u00fastria 4.0.<\/p>\n<p>Por meio de nossos programadores, somos capazes de desenvolver pacotes de software sob medida que se integrem ao seu sistema de gest\u00e3o interno, permitindo a coleta de um grande volume de dados, bem como a cria\u00e7\u00e3o de ordens de produ\u00e7\u00e3o para uma gest\u00e3o otimizada da produ\u00e7\u00e3o da m\u00e1quina de costura.<\/p>\n<p>[\/et_pb_text][\/et_pb_column][et_pb_column type=&#8221;1_2&#8243; _builder_version=&#8221;4.17.0&#8243; _module_preset=&#8221;default&#8221; global_colors_info=&#8221;{}&#8221;][dsm_text_divider header=&#8221;PERSONALIZA\u00c7\u00d5ES&#8221; _builder_version=&#8221;4.17.0&#8243; _module_preset=&#8221;default&#8221; global_colors_info=&#8221;{}&#8221;][\/dsm_text_divider][et_pb_image src=&#8221;https:\/\/ramitaly.it\/wp-content\/uploads\/2022\/04\/personalizzazioni_accessori-min.png&#8221; title_text=&#8221;personalizzazioni_accessori-min&#8221; show_in_lightbox=&#8221;on&#8221; align=&#8221;center&#8221; _builder_version=&#8221;4.17.1&#8243; _module_preset=&#8221;default&#8221; animation_style=&#8221;fold&#8221; hover_enabled=&#8221;0&#8243; border_radii=&#8221;on|50px|50px|50px|50px&#8221; global_colors_info=&#8221;{}&#8221; sticky_enabled=&#8221;0&#8243;][\/et_pb_image][et_pb_text _builder_version=&#8221;4.17.0&#8243; _module_preset=&#8221;default&#8221; global_colors_info=&#8221;{}&#8221;]<\/p>\n<p>Por meio de nossa ampla experi\u00eancia no setor, somos capazes de oferecer personaliza\u00e7\u00f5es e opcionais adicionais \u00e0s suas m\u00e1quinas de costura, aprimorando sua qualidade e produtividade.<\/p>\n<p>Implementamos a tecnologia Rodella Technologies tamb\u00e9m nas m\u00e1quinas de costura de importa\u00e7\u00e3o RODDIK, como, por exemplo, a adi\u00e7\u00e3o do calcador utilizado nas m\u00e1quinas das s\u00e9ries HR\/RC, que garante maior estabilidade do material.<\/p>\n<p>[\/et_pb_text][\/et_pb_column][\/et_pb_row][\/et_pb_section]<\/p>\n","protected":false},"excerpt":{"rendered":"<p>O ponto forte da R.A.M. s\u00e3o seus t\u00e9cnicos preparados e qualificados, especializados no projeto e na constru\u00e7\u00e3o de m\u00e1quinas, na manuten\u00e7\u00e3o e na cria\u00e7\u00e3o de gabaritos sob medida para cada necessidade do cliente.<div class=\"et_pb_module dsm_text_divider dsm_text_divider_0\">\n\t\t\t\t\n\t\t\t\t\n\t\t\t\t\n\t\t\t\t\n\t\t\t\t\n\t\t\t\t\n\t\t\t\t<div class=\"et_pb_module_inner\">\n\t\t\t\t\t<div class=\"dsm-text-divider-wrapper dsm-text-divider-align-center et_pb_bg_layout_light\">\n\t\t\t\t\n\t\t\t\t\n\t\t\t\t<div class=\"dsm-text-divider-before dsm-divider\"><\/div>\n\t\t\t\t<h3 class=\"dsm-text-divider-header et_pb_module_header\"><span>KIT DE BARREIRAS<\/span><\/h3>\n\t\t\t\t<div class=\"dsm-text-divider-after dsm-divider\"><\/div>\n\t\t\t<\/div>\n\t\t\t\t<\/div>\n\t\t\t<\/div>A R.A.M. se renova com uma nova linha de m\u00e1quinas pensada para a seguran\u00e7a do trabalhador. Desenvolvemos um kit de barreiras com sensores fotoel\u00e9tricos capaz de evitar qualquer dano acidental ao operador durante os ciclos produtivos, reduzindo completamente os riscos de acidentes na m\u00e1quina de costura.<div class=\"et_pb_module dsm_text_divider dsm_text_divider_1\">\n\t\t\t\t\n\t\t\t\t\n\t\t\t\t\n\t\t\t\t\n\t\t\t\t\n\t\t\t\t\n\t\t\t\t<div class=\"et_pb_module_inner\">\n\t\t\t\t\t<div class=\"dsm-text-divider-wrapper dsm-text-divider-align-center et_pb_bg_layout_light\">\n\t\t\t\t\n\t\t\t\t\n\t\t\t\t<div class=\"dsm-text-divider-before dsm-divider\"><\/div>\n\t\t\t\t<h3 class=\"dsm-text-divider-header et_pb_module_header\"><span>M\u00c1QUINAS DE COSTURA DE EXECU\u00c7\u00c3O ESPECIAL<\/span><\/h3>\n\t\t\t\t<div class=\"dsm-text-divider-after dsm-divider\"><\/div>\n\t\t\t<\/div>\n\t\t\t\t<\/div>\n\t\t\t<\/div>Criar um produto personalizado para o cliente representa o nosso maior desafio. Por isso, a R.A.M. \u00e9 capaz de desenvolver m\u00e1quinas de costura de execu\u00e7\u00e3o especial, com diferentes \u00e1reas de trabalho e tamb\u00e9m com a adi\u00e7\u00e3o de cabe\u00e7as de costura para necessidades espec\u00edficas.<div class=\"et_pb_module dsm_text_divider dsm_text_divider_2\">\n\t\t\t\t\n\t\t\t\t\n\t\t\t\t\n\t\t\t\t\n\t\t\t\t\n\t\t\t\t\n\t\t\t\t<div class=\"et_pb_module_inner\">\n\t\t\t\t\t<div class=\"dsm-text-divider-wrapper dsm-text-divider-align-center et_pb_bg_layout_light\">\n\t\t\t\t\n\t\t\t\t\n\t\t\t\t<div class=\"dsm-text-divider-before dsm-divider\"><\/div>\n\t\t\t\t<h3 class=\"dsm-text-divider-header et_pb_module_header\"><span>IND\u00daSTRIA 4.0<\/span><\/h3>\n\t\t\t\t<div class=\"dsm-text-divider-after dsm-divider\"><\/div>\n\t\t\t<\/div>\n\t\t\t\t<\/div>\n\t\t\t<\/div>Nossas m\u00e1quinas de costura atendem integralmente a todos os requisitos para se enquadrar no seleto setor da Ind\u00fastria 4.0. Por meio de nossos programadores, somos capazes de desenvolver pacotes de software sob medida que se integrem ao seu sistema de gest\u00e3o interno, permitindo a coleta de um grande volume de dados, bem como a cria\u00e7\u00e3o de ordens de produ\u00e7\u00e3o para uma [&hellip;]<\/p>\n","protected":false},"author":1,"featured_media":0,"parent":0,"menu_order":0,"comment_status":"closed","ping_status":"closed","template":"","meta":{"_et_pb_use_builder":"on","_et_pb_old_content":"","_et_gb_content_width":"","footnotes":""},"class_list":["post-1350","page","type-page","status-publish","hentry"],"_links":{"self":[{"href":"https:\/\/ramitaly.it\/pt-br\/wp-json\/wp\/v2\/pages\/1350","targetHints":{"allow":["GET"]}}],"collection":[{"href":"https:\/\/ramitaly.it\/pt-br\/wp-json\/wp\/v2\/pages"}],"about":[{"href":"https:\/\/ramitaly.it\/pt-br\/wp-json\/wp\/v2\/types\/page"}],"author":[{"embeddable":true,"href":"https:\/\/ramitaly.it\/pt-br\/wp-json\/wp\/v2\/users\/1"}],"replies":[{"embeddable":true,"href":"https:\/\/ramitaly.it\/pt-br\/wp-json\/wp\/v2\/comments?post=1350"}],"version-history":[{"count":2,"href":"https:\/\/ramitaly.it\/pt-br\/wp-json\/wp\/v2\/pages\/1350\/revisions"}],"predecessor-version":[{"id":1353,"href":"https:\/\/ramitaly.it\/pt-br\/wp-json\/wp\/v2\/pages\/1350\/revisions\/1353"}],"wp:attachment":[{"href":"https:\/\/ramitaly.it\/pt-br\/wp-json\/wp\/v2\/media?parent=1350"}],"curies":[{"name":"wp","href":"https:\/\/api.w.org\/{rel}","templated":true}]}}