{"id":1354,"date":"2026-02-17T14:45:19","date_gmt":"2026-02-17T13:45:19","guid":{"rendered":"https:\/\/ramitaly.it\/empresa\/"},"modified":"2026-02-18T11:50:18","modified_gmt":"2026-02-18T10:50:18","slug":"empresa","status":"publish","type":"page","link":"https:\/\/ramitaly.it\/pt-br\/empresa\/","title":{"rendered":"EMPRESA"},"content":{"rendered":"<p>[et_pb_section fb_built=&#8221;1&#8243; _builder_version=&#8221;4.17.0&#8243; _module_preset=&#8221;default&#8221; background_color=&#8221;RGBA(255,255,255,0)&#8221; use_background_color_gradient=&#8221;on&#8221; background_color_gradient_direction=&#8221;95deg&#8221; background_color_gradient_stops=&#8221;rgba(54,97,150,0.93) 0%|rgba(54,97,150,0.59) 100%&#8221; background_color_gradient_start=&#8221;rgba(54,97,150,0.93)&#8221; background_color_gradient_end=&#8221;rgba(54,97,150,0.92)&#8221; background_enable_image=&#8221;off&#8221; background_enable_pattern_style=&#8221;on&#8221; background_pattern_style=&#8221;tufted&#8221; background_pattern_color=&#8221;rgba(0,0,0,0.35)&#8221; background_pattern_horizontal_offset=&#8221;0%&#8221; custom_padding=&#8221;45px||90px||false|false&#8221; bottom_divider_style=&#8221;asymmetric&#8221; bottom_divider_color=&#8221;#FFFFFF&#8221; locked=&#8221;off&#8221; global_colors_info=&#8221;{}&#8221;][et_pb_row _builder_version=&#8221;4.16&#8243; _module_preset=&#8221;default&#8221; global_colors_info=&#8221;{}&#8221;][et_pb_column type=&#8221;4_4&#8243; _builder_version=&#8221;4.16&#8243; _module_preset=&#8221;default&#8221; global_colors_info=&#8221;{}&#8221;][et_pb_text _builder_version=&#8221;4.16&#8243; _dynamic_attributes=&#8221;content&#8221; text_font=&#8221;|700||on|||||&#8221; text_text_color=&#8221;#FFFFFF&#8221; text_font_size=&#8221;42px&#8221; header_font=&#8221;Poppins|600||on|||||&#8221; header_text_color=&#8221;#FFFFFF&#8221; header_font_size=&#8221;56px&#8221; header_line_height=&#8221;1.4em&#8221; header_3_font=&#8221;Poppins|600||on|||||&#8221; header_3_text_color=&#8221;#0b7834&#8243; header_3_font_size=&#8221;74px&#8221; header_3_line_height=&#8221;1.4em&#8221; text_orientation=&#8221;center&#8221; custom_margin=&#8221;||14px|||&#8221; header_text_shadow_style=&#8221;preset4&#8243; header_text_shadow_vertical_length=&#8221;0.05em&#8221; header_text_shadow_color=&#8221;rgba(0,0,0,0.89)&#8221; header_3_text_shadow_style=&#8221;preset4&#8243; header_3_text_shadow_vertical_length=&#8221;0.05em&#8221; header_3_text_shadow_color=&#8221;rgba(0,0,0,0.89)&#8221; global_colors_info=&#8221;{}&#8221;]@ET-DC@eyJkeW5hbWljIjp0cnVlLCJjb250ZW50IjoicG9zdF90aXRsZSIsInNldHRpbmdzIjp7ImJlZm9yZSI6IiIsImFmdGVyIjoiIiwiZW5hYmxlX2h0bWwiOiJvZmYifX0=@[\/et_pb_text][\/et_pb_column][\/et_pb_row][\/et_pb_section][et_pb_section fb_built=&#8221;1&#8243; _builder_version=&#8221;4.17.0&#8243; _module_preset=&#8221;default&#8221; background_color=&#8221;#FFFFFF&#8221; background_enable_image=&#8221;off&#8221; custom_margin=&#8221;||||false|false&#8221; custom_padding=&#8221;||0px||false|false&#8221; top_divider_color=&#8221;#FFFFFF&#8221; top_divider_height=&#8221;157px&#8221; border_color_top=&#8221;#c6c6c6&#8243; border_style_top=&#8221;dashed&#8221; border_color_bottom=&#8221;#c6c6c6&#8243; border_style_bottom=&#8221;dashed&#8221; global_colors_info=&#8221;{}&#8221;][et_pb_row _builder_version=&#8221;4.17.0&#8243; _module_preset=&#8221;default&#8221; custom_margin=&#8221;||||false|false&#8221; custom_padding=&#8221;0px||||false|false&#8221; global_colors_info=&#8221;{}&#8221;][et_pb_column type=&#8221;4_4&#8243; _builder_version=&#8221;4.17.0&#8243; _module_preset=&#8221;default&#8221; global_colors_info=&#8221;{}&#8221;][et_pb_text _builder_version=&#8221;4.17.0&#8243; _module_preset=&#8221;default&#8221; header_text_color=&#8221;#727272&#8243; header_line_height=&#8221;1.4em&#8221; global_colors_info=&#8221;{}&#8221;]<\/p>\n<h1>O ponto forte da R.A.M. s\u00e3o seus t\u00e9cnicos preparados e qualificados, especializados no projeto e na constru\u00e7\u00e3o de m\u00e1quinas, na manuten\u00e7\u00e3o e na cria\u00e7\u00e3o de gabaritos sob medida para cada necessidade do cliente.<\/h1>\n<p>[\/et_pb_text][\/et_pb_column][\/et_pb_row][et_pb_row column_structure=&#8221;1_2,1_2&#8243; _builder_version=&#8221;4.17.4&#8243; _module_preset=&#8221;default&#8221; global_colors_info=&#8221;{}&#8221;][et_pb_column type=&#8221;1_2&#8243; _builder_version=&#8221;4.17.4&#8243; _module_preset=&#8221;default&#8221; global_colors_info=&#8221;{}&#8221;][et_pb_button button_url=&#8221;http:\/\/!&#8211;%91CDATA%91\/wp-content\/uploads\/2022\/06\/Brochure-Rodella-2019.pdf%93%93&#8211;&#8221; url_new_window=&#8221;on&#8221; button_text=&#8221;BAIXE NOSSO CAT\u00c1LOGO&#8221; button_alignment=&#8221;center&#8221; _builder_version=&#8221;4.27.4&#8243; _module_preset=&#8221;default&#8221; global_colors_info=&#8221;{}&#8221;][\/et_pb_button][\/et_pb_column][et_pb_column type=&#8221;1_2&#8243; _builder_version=&#8221;4.17.4&#8243; _module_preset=&#8221;default&#8221; global_colors_info=&#8221;{}&#8221;][et_pb_button button_url=&#8221;http:\/\/!&#8211;%91CDATA%91\/wp-content\/uploads\/2022\/06\/catalogo_spianaceppiSC270.pdf%93%93&#8211;&#8221; url_new_window=&#8221;on&#8221; button_text=&#8221;BAIXE O CAT\u00c1LOGO SPINACEPPI&#8221; button_alignment=&#8221;center&#8221; _builder_version=&#8221;4.27.4&#8243; _module_preset=&#8221;default&#8221; global_colors_info=&#8221;{}&#8221;][\/et_pb_button][\/et_pb_column][\/et_pb_row][\/et_pb_section][et_pb_section fb_built=&#8221;1&#8243; _builder_version=&#8221;4.16&#8243; _module_preset=&#8221;default&#8221; background_enable_color=&#8221;off&#8221; use_background_color_gradient=&#8221;on&#8221; background_color_gradient_stops=&#8221;rgba(230,221,205,0.17) 0%|rgba(230,221,205,0) 100%&#8221; background_color_gradient_overlays_image=&#8221;on&#8221; background_color_gradient_start=&#8221;rgba(230,221,205,0.17)&#8221; background_color_gradient_end=&#8221;rgba(230,221,205,0)&#8221; background_enable_image=&#8221;off&#8221; custom_margin=&#8221;||||false|false&#8221; custom_padding=&#8221;100px||100px||true|false&#8221; top_divider_style=&#8221;asymmetric&#8221; top_divider_color=&#8221;#FFFFFF&#8221; top_divider_height=&#8221;157px&#8221; border_color_top=&#8221;#c6c6c6&#8243; border_style_top=&#8221;dashed&#8221; border_color_bottom=&#8221;#c6c6c6&#8243; border_style_bottom=&#8221;dashed&#8221; global_colors_info=&#8221;{}&#8221;][et_pb_row use_custom_gutter=&#8221;on&#8221; make_equal=&#8221;on&#8221; _builder_version=&#8221;4.27.4&#8243; _module_preset=&#8221;default&#8221; width=&#8221;50%&#8221; width_tablet=&#8221;90%&#8221; width_phone=&#8221;90%&#8221; width_last_edited=&#8221;on|tablet&#8221; max_width_tablet=&#8221;90%&#8221; max_width_phone=&#8221;90%&#8221; max_width_last_edited=&#8221;on|desktop&#8221; custom_margin=&#8221;|auto|-6px|auto|false|false&#8221; custom_padding=&#8221;60px||||false|false&#8221; global_colors_info=&#8221;{}&#8221;][et_pb_column type=&#8221;4_4&#8243; _builder_version=&#8221;4.16&#8243; _module_preset=&#8221;default&#8221; global_colors_info=&#8221;{}&#8221;][et_pb_video src=&#8221;https:\/\/ramitaly.it\/wp-content\/uploads\/2026\/02\/1Video-Istituzionale-RODELLA-TECHNOLOGIES-con-scritte-in-portoghese_1.mp4&#8243; image_src=&#8221;https:\/\/ramitaly.it\/wp-content\/uploads\/2025\/09\/1_30.jpg&#8221; _builder_version=&#8221;4.27.5&#8243; _module_preset=&#8221;default&#8221; global_colors_info=&#8221;{}&#8221;][\/et_pb_video][\/et_pb_column][\/et_pb_row][et_pb_row column_structure=&#8221;1_2,1_2&#8243; make_equal=&#8221;on&#8221; _builder_version=&#8221;4.27.5&#8243; _module_preset=&#8221;default&#8221; hover_enabled=&#8221;0&#8243; custom_css_main_element=&#8221;align-items: center;&#8221; global_colors_info=&#8221;{}&#8221; width=&#8221;90%&#8221; sticky_enabled=&#8221;0&#8243;][et_pb_column type=&#8221;1_2&#8243; _builder_version=&#8221;4.27.5&#8243; _module_preset=&#8221;default&#8221; global_colors_info=&#8221;{}&#8221;][et_pb_image src=&#8221;https:\/\/ramitaly.it\/wp-content\/uploads\/2026\/02\/Rodella-Brasil-1.jpg&#8221; alt=&#8221;Rodella Brasil&#8221; title_text=&#8221;Rodella Brasil&#8221; align=&#8221;center&#8221; _builder_version=&#8221;4.27.5&#8243; _module_preset=&#8221;default&#8221; width_tablet=&#8221;&#8221; width_phone=&#8221;74%&#8221; width_last_edited=&#8221;on|tablet&#8221; custom_margin=&#8221;32px|||||&#8221; custom_margin_tablet=&#8221;0px||||false|false&#8221; custom_margin_phone=&#8221;0px||||false|false&#8221; custom_margin_last_edited=&#8221;on|tablet&#8221; border_radii=&#8221;on|30px|30px|30px|30px&#8221; box_shadow_style=&#8221;preset2&#8243; global_colors_info=&#8221;{}&#8221;][\/et_pb_image][\/et_pb_column][et_pb_column type=&#8221;1_2&#8243; _builder_version=&#8221;4.27.5&#8243; _module_preset=&#8221;default&#8221; global_colors_info=&#8221;{}&#8221;][et_pb_text _builder_version=&#8221;4.27.5&#8243; _module_preset=&#8221;default&#8221; global_colors_info=&#8221;{}&#8221;]<\/p>\n<p>A R.A.M. refor\u00e7a a sua presen\u00e7a internacional com a abertura de uma nova filial no Brasil, dedicada \u00e0 venda e \u00e0 assist\u00eancia dos seus produtos.<\/p>\n<p>Essa nova unidade permite oferecer um suporte direto e \u00e1gil ao mercado sul-americano, garantindo aos clientes locais os mesmos elevados padr\u00f5es de qualidade e confiabilidade que distinguem a marca RODELLA TECHNOLOGIES.<\/p>\n<p>A filial brasileira nasce para ser um ponto de refer\u00eancia em consultoria, fornecimento e assist\u00eancia t\u00e9cnica, confirmando o compromisso da empresa em estar cada vez mais pr\u00f3xima dos seus clientes.<\/p>\n<p>[\/et_pb_text][\/et_pb_column][\/et_pb_row][et_pb_row column_structure=&#8221;1_2,1_2&#8243; use_custom_gutter=&#8221;on&#8221; make_equal=&#8221;on&#8221; _builder_version=&#8221;4.27.5&#8243; _module_preset=&#8221;default&#8221; width=&#8221;90%&#8221; width_tablet=&#8221;90%&#8221; width_phone=&#8221;90%&#8221; width_last_edited=&#8221;on|tablet&#8221; max_width_tablet=&#8221;90%&#8221; max_width_phone=&#8221;90%&#8221; max_width_last_edited=&#8221;on|desktop&#8221; custom_margin=&#8221;|auto|-6px|auto||&#8221; custom_padding=&#8221;8px|||||&#8221; hover_enabled=&#8221;0&#8243; global_colors_info=&#8221;{}&#8221; sticky_enabled=&#8221;0&#8243;][et_pb_column type=&#8221;1_2&#8243; _builder_version=&#8221;4.16&#8243; _module_preset=&#8221;default&#8221; global_colors_info=&#8221;{}&#8221;][et_pb_image src=&#8221;https:\/\/ramitaly.it\/wp-content\/uploads\/2022\/02\/ufficio-tecnico-rodella-technologies-min-min.jpg&#8221; alt=&#8221;DEPARTAMENTO T\u00c9CNICO&#8221; title_text=&#8221;ufficio-tecnico-rodella-technologies-min-min&#8221; url=&#8221;#&#8221; align=&#8221;center&#8221; _builder_version=&#8221;4.16&#8243; _module_preset=&#8221;default&#8221; width_tablet=&#8221;&#8221; width_phone=&#8221;74%&#8221; width_last_edited=&#8221;on|tablet&#8221; custom_margin=&#8221;32px|||||&#8221; custom_margin_tablet=&#8221;0px||||false|false&#8221; custom_margin_phone=&#8221;0px||||false|false&#8221; custom_margin_last_edited=&#8221;on|tablet&#8221; border_radii=&#8221;on|30px|30px|30px|30px&#8221; box_shadow_style=&#8221;preset2&#8243; global_colors_info=&#8221;{}&#8221;][\/et_pb_image][\/et_pb_column][et_pb_column type=&#8221;1_2&#8243; _builder_version=&#8221;4.16&#8243; _module_preset=&#8221;default&#8221; global_colors_info=&#8221;{}&#8221;][et_pb_icon font_icon=&#8221;&#xf391;||fa||400&#8243; _builder_version=&#8221;4.17.0&#8243; _module_preset=&#8221;default&#8221; global_colors_info=&#8221;{}&#8221;][\/et_pb_icon][et_pb_text _builder_version=&#8221;4.17.0&#8243; _module_preset=&#8221;default&#8221; global_colors_info=&#8221;{}&#8221;]<\/p>\n<p style=\"text-align: center;\">Tecnologia e softwares de ponta s\u00e3o os recursos dispon\u00edveis para garantir qualidade e precis\u00e3o nos trabalhos di\u00e1rios realizados por nossa equipe.<\/p>\n<p>[\/et_pb_text][et_pb_button button_url=&#8221;@ET-DC@eyJkeW5hbWljIjp0cnVlLCJjb250ZW50IjoicG9zdF9saW5rX3VybF9wYWdlIiwic2V0dGluZ3MiOnsicG9zdF9pZCI6IjMwNiIsImVuYWJsZV9odG1sIjoib2ZmIn19@&#8221; button_text=&#8221;SERVI\u00c7OS&#8221; button_alignment=&#8221;center&#8221; _builder_version=&#8221;4.17.4&#8243; _dynamic_attributes=&#8221;button_url&#8221; _module_preset=&#8221;default&#8221; global_colors_info=&#8221;{}&#8221;][\/et_pb_button][\/et_pb_column][\/et_pb_row][et_pb_row column_structure=&#8221;1_2,1_2&#8243; use_custom_gutter=&#8221;on&#8221; make_equal=&#8221;on&#8221; _builder_version=&#8221;4.17.0&#8243; _module_preset=&#8221;default&#8221; width=&#8221;90%&#8221; width_tablet=&#8221;90%&#8221; width_phone=&#8221;90%&#8221; width_last_edited=&#8221;on|tablet&#8221; max_width_tablet=&#8221;90%&#8221; max_width_phone=&#8221;90%&#8221; max_width_last_edited=&#8221;on|desktop&#8221; custom_margin=&#8221;|auto|-6px|auto||&#8221; custom_padding=&#8221;8px|||||&#8221; global_colors_info=&#8221;{}&#8221;][et_pb_column type=&#8221;1_2&#8243; _builder_version=&#8221;4.16&#8243; _module_preset=&#8221;default&#8221; global_colors_info=&#8221;{}&#8221;][et_pb_icon font_icon=&#8221;&#xf470;||fa||900&#8243; _builder_version=&#8221;4.17.0&#8243; _module_preset=&#8221;default&#8221; global_colors_info=&#8221;{}&#8221;][\/et_pb_icon][et_pb_text _builder_version=&#8221;4.17.1&#8243; _module_preset=&#8221;default&#8221; text_orientation=&#8221;center&#8221; global_colors_info=&#8221;{}&#8221;]<\/p>\n<p>A experi\u00eancia e a paix\u00e3o da equipe t\u00e9cnica permitem a fabrica\u00e7\u00e3o de produtos l\u00edderes no setor, mantendo padr\u00f5es de qualidade extremamente elevados e aten\u00e7\u00e3o a cada pequeno detalhe.<\/p>\n<p>[\/et_pb_text][et_pb_button button_url=&#8221;@ET-DC@eyJkeW5hbWljIjp0cnVlLCJjb250ZW50IjoicG9zdF9saW5rX3VybF9wYWdlIiwic2V0dGluZ3MiOnsicG9zdF9pZCI6IjQ2MSIsImVuYWJsZV9odG1sIjoib2ZmIn19@&#8221; button_text=&#8221;LINHA&#8221; button_alignment=&#8221;center&#8221; _builder_version=&#8221;4.27.4&#8243; _dynamic_attributes=&#8221;button_url&#8221; _module_preset=&#8221;default&#8221; global_colors_info=&#8221;{}&#8221;][\/et_pb_button][et_pb_button button_url=&#8221;@ET-DC@eyJkeW5hbWljIjp0cnVlLCJjb250ZW50IjoicG9zdF9saW5rX3VybF9wYWdlIiwic2V0dGluZ3MiOnsicG9zdF9pZCI6IjQxNSIsImVuYWJsZV9odG1sIjoib2ZmIn19@&#8221; button_text=&#8221;ACESS\u00d3RIOS&#8221; button_alignment=&#8221;center&#8221; _builder_version=&#8221;4.17.4&#8243; _dynamic_attributes=&#8221;button_url&#8221; _module_preset=&#8221;default&#8221; global_colors_info=&#8221;{}&#8221;][\/et_pb_button][et_pb_button button_url=&#8221;@ET-DC@eyJkeW5hbWljIjp0cnVlLCJjb250ZW50IjoicG9zdF9saW5rX3VybF9wYWdlIiwic2V0dGluZ3MiOnsicG9zdF9pZCI6IjM5MSIsImVuYWJsZV9odG1sIjoib2ZmIn19@&#8221; button_text=&#8221;RODDIK&#8221; button_alignment=&#8221;center&#8221; _builder_version=&#8221;4.17.4&#8243; _dynamic_attributes=&#8221;button_url&#8221; _module_preset=&#8221;default&#8221; global_colors_info=&#8221;{}&#8221;][\/et_pb_button][\/et_pb_column][et_pb_column type=&#8221;1_2&#8243; _builder_version=&#8221;4.16&#8243; _module_preset=&#8221;default&#8221; global_colors_info=&#8221;{}&#8221;][et_pb_image src=&#8221;https:\/\/ramitaly.it\/wp-content\/uploads\/2022\/04\/produzione-rodella-technologies-Azienda.jpg&#8221; alt=&#8221;departamento de produ\u00e7\u00e3o&#8221; title_text=&#8221;produzione-rodella-technologies-Azienda&#8221; url=&#8221;#&#8221; align=&#8221;center&#8221; _builder_version=&#8221;4.17.1&#8243; _module_preset=&#8221;default&#8221; width_tablet=&#8221;&#8221; width_phone=&#8221;74%&#8221; width_last_edited=&#8221;on|tablet&#8221; custom_margin=&#8221;32px|||||&#8221; custom_margin_tablet=&#8221;0px||||false|false&#8221; custom_margin_phone=&#8221;0px||||false|false&#8221; custom_margin_last_edited=&#8221;on|tablet&#8221; border_radii=&#8221;on|30px|30px|30px|30px&#8221; box_shadow_style=&#8221;preset2&#8243; global_colors_info=&#8221;{}&#8221;][\/et_pb_image][\/et_pb_column][\/et_pb_row][\/et_pb_section]<\/p>\n","protected":false},"excerpt":{"rendered":"<p>O ponto forte da R.A.M. s\u00e3o seus t\u00e9cnicos preparados e qualificados, especializados no projeto e na constru\u00e7\u00e3o de m\u00e1quinas, na manuten\u00e7\u00e3o e na cria\u00e7\u00e3o de gabaritos sob medida para cada necessidade do cliente.A R.A.M. refor\u00e7a a sua presen\u00e7a internacional com a abertura de uma nova filial no Brasil, dedicada \u00e0 venda e \u00e0 assist\u00eancia dos seus produtos. Essa nova unidade permite oferecer um suporte direto e \u00e1gil ao mercado sul-americano, garantindo aos clientes locais os mesmos elevados padr\u00f5es de qualidade e confiabilidade que distinguem a marca RODELLA TECHNOLOGIES. A filial brasileira nasce para ser um ponto de refer\u00eancia em consultoria, fornecimento e assist\u00eancia t\u00e9cnica, confirmando o compromisso da empresa em estar cada vez mais pr\u00f3xima dos seus clientes.Tecnologia e softwares de ponta s\u00e3o os recursos dispon\u00edveis para garantir qualidade e precis\u00e3o nos trabalhos di\u00e1rios realizados por nossa equipe.A experi\u00eancia e a paix\u00e3o da equipe t\u00e9cnica permitem a fabrica\u00e7\u00e3o de produtos l\u00edderes no setor, mantendo padr\u00f5es de qualidade extremamente elevados e aten\u00e7\u00e3o a cada pequeno detalhe.<\/p>\n","protected":false},"author":1,"featured_media":0,"parent":0,"menu_order":0,"comment_status":"closed","ping_status":"closed","template":"","meta":{"_et_pb_use_builder":"on","_et_pb_old_content":"","_et_gb_content_width":"","footnotes":""},"class_list":["post-1354","page","type-page","status-publish","hentry"],"_links":{"self":[{"href":"https:\/\/ramitaly.it\/pt-br\/wp-json\/wp\/v2\/pages\/1354","targetHints":{"allow":["GET"]}}],"collection":[{"href":"https:\/\/ramitaly.it\/pt-br\/wp-json\/wp\/v2\/pages"}],"about":[{"href":"https:\/\/ramitaly.it\/pt-br\/wp-json\/wp\/v2\/types\/page"}],"author":[{"embeddable":true,"href":"https:\/\/ramitaly.it\/pt-br\/wp-json\/wp\/v2\/users\/1"}],"replies":[{"embeddable":true,"href":"https:\/\/ramitaly.it\/pt-br\/wp-json\/wp\/v2\/comments?post=1354"}],"version-history":[{"count":11,"href":"https:\/\/ramitaly.it\/pt-br\/wp-json\/wp\/v2\/pages\/1354\/revisions"}],"predecessor-version":[{"id":1455,"href":"https:\/\/ramitaly.it\/pt-br\/wp-json\/wp\/v2\/pages\/1354\/revisions\/1455"}],"wp:attachment":[{"href":"https:\/\/ramitaly.it\/pt-br\/wp-json\/wp\/v2\/media?parent=1354"}],"curies":[{"name":"wp","href":"https:\/\/api.w.org\/{rel}","templated":true}]}}